{"id":44886,"date":"2024-06-05T12:13:15","date_gmt":"2024-06-05T10:13:15","guid":{"rendered":"https:\/\/woo.zwaardenvolk.nl\/webshop\/uncategorized\/das-spiel-mit-der-axt-le-jeu-de-la-hache\/"},"modified":"2024-10-11T22:46:17","modified_gmt":"2024-10-11T20:46:17","slug":"das-spiel-mit-der-axt-le-jeu-de-la-hache","status":"publish","type":"product","link":"https:\/\/woo.zwaardenvolk.nl\/en\/webshop\/boeken-en-default-category-en-default-category-en\/hema-en\/das-spiel-mit-der-axt-le-jeu-de-la-hache\/","title":{"rendered":"Das Spiel mit der Axt &#8211; Le Jeu de la Hache"},"content":{"rendered":"<p><b>Das Spiel mit der Axt &#8211; Le Jeu de la Hache<\/p>\n<p>Dierk Hagedorn<br \/>\nBand 9 der Bibliothek der historischen Kampfk\u00fcnste<\/b><\/p>\n<p>Das am burgundischen Hof entstandene Meisterwerk\u00a0<i>Le Jeu de la Hache<\/i>\u00a0offenbart am \u00dcbergang vom Mittelalter zur Renaissance die Kunst des Fechtens mit einer Waffe, die als Streit- oder auch Mordaxt bekannt ist. Verfasst von einem anonymen Meister, entf\u00fchrt dieses einzigartige Fechtbuch \u2013 das allererste in franz\u00f6sischer Sprache \u2013 die Leser in die faszinierende Welt der Kampfkunst.<\/p>\n<p>In kompakter und \u00fcbersichtlicher Form pr\u00e4sentiert die Handschrift in 73 Abs\u00e4tzen eine Sammlung von effizienten Anweisungen, vielseitigen Techniken und taktischen Raffiinessen, welche die Adepten in die Geheimnisse der Axtfechtkunst einf\u00fchren.<\/p>\n<p><i>Le Jeu de la Hache<\/i>\u00a0ist nicht nur ein historisches Dokument, sondern auch ein Fenster zu einer Zeit, in der die Fechtkunst nicht nur ein Mittel zur Verteidigung, sondern auch zur Selbstdarstellung war. Dieses Buch ist eine unverzichtbare Quelle f\u00fcr Historiker, Fechtk\u00fcnstler und alle, die sich f\u00fcr das reiche kulturelle Erbe der europ\u00e4ischen Geschichte interessieren.<\/p>\n<p><b>Format 14 x 21,5 cm, Hardcover, gebunden, 80 Seiten, 8 farbige und 3 s\/w Abbildungen, eine doppelseitige Klassifikation der Axt und ihrer Bestandteile<\/b><\/p>\n","protected":false},"excerpt":{"rendered":"<p>medieval fighting book about pole weapon fighting<\/p>\n","protected":false},"featured_media":44885,"comment_status":"closed","ping_status":"closed","template":"","meta":[],"product_brand":[],"product_cat":[331],"product_tag":[6360,2811,6361,6422,6362,6355],"class_list":{"0":"post-44886","1":"product","2":"type-product","3":"status-publish","4":"has-post-thumbnail","6":"product_cat-hema-en","7":"product_tag-das-spiel-mit-der-axt-en","8":"product_tag-hema-en","9":"product_tag-le-jeu-de-la-hache-en","10":"product_tag-medieval-en-2-2","11":"product_tag-paalwapen-vechten-en","12":"product_tag-vechtboek-en","14":"first","15":"outofstock","16":"taxable","17":"shipping-taxable","18":"purchasable","19":"product-type-simple"},"yoast_head":"<!-- This site is optimized with the Yoast SEO plugin v27.4 - https:\/\/yoast.com\/product\/yoast-seo-wordpress\/ -->\n<title>Das Spiel mit der Axt - Le Jeu de la Hache - Zwaard en Volk \/ HEMAworld<\/title>\n<meta name=\"description\" content=\"Look here for books about HEMA such as Das Spiel mit der Axt - Le Jeu de la Hache, re-enactment, Living History, and all materials for this.\" \/>\n<meta name=\"robots\" content=\"index, follow, max-snippet:-1, max-image-preview:large, max-video-preview:-1\" \/>\n<link rel=\"canonical\" href=\"https:\/\/woo.zwaardenvolk.nl\/en\/webshop\/boeken-en-default-category-en-default-category-en\/hema-en\/das-spiel-mit-der-axt-le-jeu-de-la-hache\/\" \/>\n<meta property=\"og:locale\" content=\"en_US\" \/>\n<meta property=\"og:type\" content=\"article\" \/>\n<meta property=\"og:title\" content=\"Das Spiel mit der Axt - Le Jeu de la Hache - Zwaard en Volk \/ HEMAworld\" \/>\n<meta property=\"og:description\" content=\"Look here for books about HEMA such as Das Spiel mit der Axt - Le Jeu de la Hache, re-enactment, Living History, and all materials for this.\" \/>\n<meta property=\"og:url\" content=\"https:\/\/woo.zwaardenvolk.nl\/en\/webshop\/boeken-en-default-category-en-default-category-en\/hema-en\/das-spiel-mit-der-axt-le-jeu-de-la-hache\/\" \/>\n<meta property=\"og:site_name\" content=\"Zwaard en Volk \/ HEMAworld\" \/>\n<meta property=\"article:publisher\" content=\"https:\/\/www.facebook.com\/zwaardenvolk\/\" \/>\n<meta property=\"article:modified_time\" content=\"2024-10-11T20:46:17+00:00\" \/>\n<meta property=\"og:image\" content=\"https:\/\/woo.zwaardenvolk.nl\/wp-content\/uploads\/2024\/06\/jeu-de-la-hache-10.jpg\" \/>\n\t<meta property=\"og:image:width\" content=\"463\" \/>\n\t<meta property=\"og:image:height\" content=\"709\" \/>\n\t<meta property=\"og:image:type\" content=\"image\/jpeg\" \/>\n<meta name=\"twitter:card\" content=\"summary_large_image\" \/>\n<meta name=\"twitter:label1\" content=\"Est. reading time\" \/>\n\t<meta name=\"twitter:data1\" content=\"2 minutes\" \/>\n<script type=\"application\/ld+json\" class=\"yoast-schema-graph\">{\"@context\":\"https:\\\/\\\/schema.org\",\"@graph\":[{\"@type\":\"WebPage\",\"@id\":\"https:\\\/\\\/woo.zwaardenvolk.nl\\\/en\\\/webshop\\\/boeken-en-default-category-en-default-category-en\\\/hema-en\\\/das-spiel-mit-der-axt-le-jeu-de-la-hache\\\/\",\"url\":\"https:\\\/\\\/woo.zwaardenvolk.nl\\\/en\\\/webshop\\\/boeken-en-default-category-en-default-category-en\\\/hema-en\\\/das-spiel-mit-der-axt-le-jeu-de-la-hache\\\/\",\"name\":\"Das Spiel mit der Axt - Le Jeu de la Hache - Zwaard en Volk \\\/ HEMAworld\",\"isPartOf\":{\"@id\":\"https:\\\/\\\/woo.zwaardenvolk.nl\\\/en\\\/#website\"},\"primaryImageOfPage\":{\"@id\":\"https:\\\/\\\/woo.zwaardenvolk.nl\\\/en\\\/webshop\\\/boeken-en-default-category-en-default-category-en\\\/hema-en\\\/das-spiel-mit-der-axt-le-jeu-de-la-hache\\\/#primaryimage\"},\"image\":{\"@id\":\"https:\\\/\\\/woo.zwaardenvolk.nl\\\/en\\\/webshop\\\/boeken-en-default-category-en-default-category-en\\\/hema-en\\\/das-spiel-mit-der-axt-le-jeu-de-la-hache\\\/#primaryimage\"},\"thumbnailUrl\":\"https:\\\/\\\/woo.zwaardenvolk.nl\\\/wp-content\\\/uploads\\\/2024\\\/06\\\/jeu-de-la-hache-10.jpg\",\"datePublished\":\"2024-06-05T10:13:15+00:00\",\"dateModified\":\"2024-10-11T20:46:17+00:00\",\"description\":\"Look here for books about HEMA such as Das Spiel mit der Axt - Le Jeu de la Hache, re-enactment, Living History, and all materials for this.\",\"breadcrumb\":{\"@id\":\"https:\\\/\\\/woo.zwaardenvolk.nl\\\/en\\\/webshop\\\/boeken-en-default-category-en-default-category-en\\\/hema-en\\\/das-spiel-mit-der-axt-le-jeu-de-la-hache\\\/#breadcrumb\"},\"inLanguage\":\"en-US\",\"potentialAction\":[{\"@type\":\"ReadAction\",\"target\":[\"https:\\\/\\\/woo.zwaardenvolk.nl\\\/en\\\/webshop\\\/boeken-en-default-category-en-default-category-en\\\/hema-en\\\/das-spiel-mit-der-axt-le-jeu-de-la-hache\\\/\"]}]},{\"@type\":\"ImageObject\",\"inLanguage\":\"en-US\",\"@id\":\"https:\\\/\\\/woo.zwaardenvolk.nl\\\/en\\\/webshop\\\/boeken-en-default-category-en-default-category-en\\\/hema-en\\\/das-spiel-mit-der-axt-le-jeu-de-la-hache\\\/#primaryimage\",\"url\":\"https:\\\/\\\/woo.zwaardenvolk.nl\\\/wp-content\\\/uploads\\\/2024\\\/06\\\/jeu-de-la-hache-10.jpg\",\"contentUrl\":\"https:\\\/\\\/woo.zwaardenvolk.nl\\\/wp-content\\\/uploads\\\/2024\\\/06\\\/jeu-de-la-hache-10.jpg\",\"width\":463,\"height\":709},{\"@type\":\"BreadcrumbList\",\"@id\":\"https:\\\/\\\/woo.zwaardenvolk.nl\\\/en\\\/webshop\\\/boeken-en-default-category-en-default-category-en\\\/hema-en\\\/das-spiel-mit-der-axt-le-jeu-de-la-hache\\\/#breadcrumb\",\"itemListElement\":[{\"@type\":\"ListItem\",\"position\":1,\"name\":\"Home\",\"item\":\"https:\\\/\\\/woo.zwaardenvolk.nl\\\/en\\\/\"},{\"@type\":\"ListItem\",\"position\":2,\"name\":\"Webshop\",\"item\":\"https:\\\/\\\/woo.zwaardenvolk.nl\\\/en\\\/webshop\\\/\"},{\"@type\":\"ListItem\",\"position\":3,\"name\":\"Das Spiel mit der Axt &#8211; Le Jeu de la Hache\"}]},{\"@type\":\"WebSite\",\"@id\":\"https:\\\/\\\/woo.zwaardenvolk.nl\\\/en\\\/#website\",\"url\":\"https:\\\/\\\/woo.zwaardenvolk.nl\\\/en\\\/\",\"name\":\"Zwaard en Volk \\\/ HEMAworld\",\"description\":\"Middeleeuwen en HEMA\",\"publisher\":{\"@id\":\"https:\\\/\\\/woo.zwaardenvolk.nl\\\/en\\\/#organization\"},\"potentialAction\":[{\"@type\":\"SearchAction\",\"target\":{\"@type\":\"EntryPoint\",\"urlTemplate\":\"https:\\\/\\\/woo.zwaardenvolk.nl\\\/en\\\/?s={search_term_string}\"},\"query-input\":{\"@type\":\"PropertyValueSpecification\",\"valueRequired\":true,\"valueName\":\"search_term_string\"}}],\"inLanguage\":\"en-US\"},{\"@type\":\"Organization\",\"@id\":\"https:\\\/\\\/woo.zwaardenvolk.nl\\\/en\\\/#organization\",\"name\":\"Zwaard en Volk \\\/ HEMAworld\",\"url\":\"https:\\\/\\\/woo.zwaardenvolk.nl\\\/en\\\/\",\"logo\":{\"@type\":\"ImageObject\",\"inLanguage\":\"en-US\",\"@id\":\"https:\\\/\\\/woo.zwaardenvolk.nl\\\/en\\\/#\\\/schema\\\/logo\\\/image\\\/\",\"url\":\"https:\\\/\\\/woo.zwaardenvolk.nl\\\/wp-content\\\/uploads\\\/2020\\\/07\\\/Zwaard-en-Volk-HEMAworld-logo-vierkant-2000x2000-1.jpg\",\"contentUrl\":\"https:\\\/\\\/woo.zwaardenvolk.nl\\\/wp-content\\\/uploads\\\/2020\\\/07\\\/Zwaard-en-Volk-HEMAworld-logo-vierkant-2000x2000-1.jpg\",\"width\":2000,\"height\":2000,\"caption\":\"Zwaard en Volk \\\/ HEMAworld\"},\"image\":{\"@id\":\"https:\\\/\\\/woo.zwaardenvolk.nl\\\/en\\\/#\\\/schema\\\/logo\\\/image\\\/\"},\"sameAs\":[\"https:\\\/\\\/www.facebook.com\\\/zwaardenvolk\\\/\"]}]}<\/script>\n<!-- \/ Yoast SEO plugin. -->","yoast_head_json":{"title":"Das Spiel mit der Axt - Le Jeu de la Hache - Zwaard en Volk \/ HEMAworld","description":"Look here for books about HEMA such as Das Spiel mit der Axt - Le Jeu de la Hache, re-enactment, Living History, and all materials for this.","robots":{"index":"index","follow":"follow","max-snippet":"max-snippet:-1","max-image-preview":"max-image-preview:large","max-video-preview":"max-video-preview:-1"},"canonical":"https:\/\/woo.zwaardenvolk.nl\/en\/webshop\/boeken-en-default-category-en-default-category-en\/hema-en\/das-spiel-mit-der-axt-le-jeu-de-la-hache\/","og_locale":"en_US","og_type":"article","og_title":"Das Spiel mit der Axt - Le Jeu de la Hache - Zwaard en Volk \/ HEMAworld","og_description":"Look here for books about HEMA such as Das Spiel mit der Axt - Le Jeu de la Hache, re-enactment, Living History, and all materials for this.","og_url":"https:\/\/woo.zwaardenvolk.nl\/en\/webshop\/boeken-en-default-category-en-default-category-en\/hema-en\/das-spiel-mit-der-axt-le-jeu-de-la-hache\/","og_site_name":"Zwaard en Volk \/ HEMAworld","article_publisher":"https:\/\/www.facebook.com\/zwaardenvolk\/","article_modified_time":"2024-10-11T20:46:17+00:00","og_image":[{"width":463,"height":709,"url":"https:\/\/woo.zwaardenvolk.nl\/wp-content\/uploads\/2024\/06\/jeu-de-la-hache-10.jpg","type":"image\/jpeg"}],"twitter_card":"summary_large_image","twitter_misc":{"Est. reading time":"2 minutes"},"schema":{"@context":"https:\/\/schema.org","@graph":[{"@type":"WebPage","@id":"https:\/\/woo.zwaardenvolk.nl\/en\/webshop\/boeken-en-default-category-en-default-category-en\/hema-en\/das-spiel-mit-der-axt-le-jeu-de-la-hache\/","url":"https:\/\/woo.zwaardenvolk.nl\/en\/webshop\/boeken-en-default-category-en-default-category-en\/hema-en\/das-spiel-mit-der-axt-le-jeu-de-la-hache\/","name":"Das Spiel mit der Axt - Le Jeu de la Hache - Zwaard en Volk \/ HEMAworld","isPartOf":{"@id":"https:\/\/woo.zwaardenvolk.nl\/en\/#website"},"primaryImageOfPage":{"@id":"https:\/\/woo.zwaardenvolk.nl\/en\/webshop\/boeken-en-default-category-en-default-category-en\/hema-en\/das-spiel-mit-der-axt-le-jeu-de-la-hache\/#primaryimage"},"image":{"@id":"https:\/\/woo.zwaardenvolk.nl\/en\/webshop\/boeken-en-default-category-en-default-category-en\/hema-en\/das-spiel-mit-der-axt-le-jeu-de-la-hache\/#primaryimage"},"thumbnailUrl":"https:\/\/woo.zwaardenvolk.nl\/wp-content\/uploads\/2024\/06\/jeu-de-la-hache-10.jpg","datePublished":"2024-06-05T10:13:15+00:00","dateModified":"2024-10-11T20:46:17+00:00","description":"Look here for books about HEMA such as Das Spiel mit der Axt - Le Jeu de la Hache, re-enactment, Living History, and all materials for this.","breadcrumb":{"@id":"https:\/\/woo.zwaardenvolk.nl\/en\/webshop\/boeken-en-default-category-en-default-category-en\/hema-en\/das-spiel-mit-der-axt-le-jeu-de-la-hache\/#breadcrumb"},"inLanguage":"en-US","potentialAction":[{"@type":"ReadAction","target":["https:\/\/woo.zwaardenvolk.nl\/en\/webshop\/boeken-en-default-category-en-default-category-en\/hema-en\/das-spiel-mit-der-axt-le-jeu-de-la-hache\/"]}]},{"@type":"ImageObject","inLanguage":"en-US","@id":"https:\/\/woo.zwaardenvolk.nl\/en\/webshop\/boeken-en-default-category-en-default-category-en\/hema-en\/das-spiel-mit-der-axt-le-jeu-de-la-hache\/#primaryimage","url":"https:\/\/woo.zwaardenvolk.nl\/wp-content\/uploads\/2024\/06\/jeu-de-la-hache-10.jpg","contentUrl":"https:\/\/woo.zwaardenvolk.nl\/wp-content\/uploads\/2024\/06\/jeu-de-la-hache-10.jpg","width":463,"height":709},{"@type":"BreadcrumbList","@id":"https:\/\/woo.zwaardenvolk.nl\/en\/webshop\/boeken-en-default-category-en-default-category-en\/hema-en\/das-spiel-mit-der-axt-le-jeu-de-la-hache\/#breadcrumb","itemListElement":[{"@type":"ListItem","position":1,"name":"Home","item":"https:\/\/woo.zwaardenvolk.nl\/en\/"},{"@type":"ListItem","position":2,"name":"Webshop","item":"https:\/\/woo.zwaardenvolk.nl\/en\/webshop\/"},{"@type":"ListItem","position":3,"name":"Das Spiel mit der Axt &#8211; Le Jeu de la Hache"}]},{"@type":"WebSite","@id":"https:\/\/woo.zwaardenvolk.nl\/en\/#website","url":"https:\/\/woo.zwaardenvolk.nl\/en\/","name":"Zwaard en Volk \/ HEMAworld","description":"Middeleeuwen en HEMA","publisher":{"@id":"https:\/\/woo.zwaardenvolk.nl\/en\/#organization"},"potentialAction":[{"@type":"SearchAction","target":{"@type":"EntryPoint","urlTemplate":"https:\/\/woo.zwaardenvolk.nl\/en\/?s={search_term_string}"},"query-input":{"@type":"PropertyValueSpecification","valueRequired":true,"valueName":"search_term_string"}}],"inLanguage":"en-US"},{"@type":"Organization","@id":"https:\/\/woo.zwaardenvolk.nl\/en\/#organization","name":"Zwaard en Volk \/ HEMAworld","url":"https:\/\/woo.zwaardenvolk.nl\/en\/","logo":{"@type":"ImageObject","inLanguage":"en-US","@id":"https:\/\/woo.zwaardenvolk.nl\/en\/#\/schema\/logo\/image\/","url":"https:\/\/woo.zwaardenvolk.nl\/wp-content\/uploads\/2020\/07\/Zwaard-en-Volk-HEMAworld-logo-vierkant-2000x2000-1.jpg","contentUrl":"https:\/\/woo.zwaardenvolk.nl\/wp-content\/uploads\/2020\/07\/Zwaard-en-Volk-HEMAworld-logo-vierkant-2000x2000-1.jpg","width":2000,"height":2000,"caption":"Zwaard en Volk \/ HEMAworld"},"image":{"@id":"https:\/\/woo.zwaardenvolk.nl\/en\/#\/schema\/logo\/image\/"},"sameAs":["https:\/\/www.facebook.com\/zwaardenvolk\/"]}]}},"_links":{"self":[{"href":"https:\/\/woo.zwaardenvolk.nl\/en\/wp-json\/wp\/v2\/product\/44886","targetHints":{"allow":["GET"]}}],"collection":[{"href":"https:\/\/woo.zwaardenvolk.nl\/en\/wp-json\/wp\/v2\/product"}],"about":[{"href":"https:\/\/woo.zwaardenvolk.nl\/en\/wp-json\/wp\/v2\/types\/product"}],"replies":[{"embeddable":true,"href":"https:\/\/woo.zwaardenvolk.nl\/en\/wp-json\/wp\/v2\/comments?post=44886"}],"wp:featuredmedia":[{"embeddable":true,"href":"https:\/\/woo.zwaardenvolk.nl\/en\/wp-json\/wp\/v2\/media\/44885"}],"wp:attachment":[{"href":"https:\/\/woo.zwaardenvolk.nl\/en\/wp-json\/wp\/v2\/media?parent=44886"}],"wp:term":[{"taxonomy":"product_brand","embeddable":true,"href":"https:\/\/woo.zwaardenvolk.nl\/en\/wp-json\/wp\/v2\/product_brand?post=44886"},{"taxonomy":"product_cat","embeddable":true,"href":"https:\/\/woo.zwaardenvolk.nl\/en\/wp-json\/wp\/v2\/product_cat?post=44886"},{"taxonomy":"product_tag","embeddable":true,"href":"https:\/\/woo.zwaardenvolk.nl\/en\/wp-json\/wp\/v2\/product_tag?post=44886"}],"curies":[{"name":"wp","href":"https:\/\/api.w.org\/{rel}","templated":true}]}}