{"id":44870,"date":"2024-06-05T11:50:44","date_gmt":"2024-06-05T09:50:44","guid":{"rendered":"https:\/\/woo.zwaardenvolk.nl\/webshop\/uncategorized\/das-ortenburger-fechtbuch\/"},"modified":"2024-06-05T12:14:51","modified_gmt":"2024-06-05T10:14:51","slug":"das-ortenburger-fechtbuch","status":"publish","type":"product","link":"https:\/\/woo.zwaardenvolk.nl\/en\/webshop\/boeken-en-default-category-en-default-category-en\/hema-en\/das-ortenburger-fechtbuch\/","title":{"rendered":"Das Ortenburger Fechtbuch"},"content":{"rendered":"<p><b>Dierk Hagedorn<\/p>\n<p>Band 8 der Bibliothek der historischen Kampfk\u00fcnste<\/b><\/p>\n<p><b>Aufbewahrungsort: unbekannt<\/b><br \/>\nDas Ortenburger Fechtbuch verschwand in den achtziger Jahren des 20. Jahrhunderts aus der Gr\u00e4flich Ortenburgschen Bibliothek im oberfr\u00e4nkischen Tambach. Es wurde ver\u00e4u\u00dfert und befindet sich seitdem in unbekanntem Privatbesitz. Gl\u00fccklicherweise haben sich Filme der Handschrift erhalten, so dass sie einem interessierten Publikum und der Forschung zug\u00e4nglich gemacht werden kann.<\/p>\n<p><b>Kampfkunst trifft auf bildende Kunst<\/b><br \/>\nDie Handschrift enth\u00e4lt nicht nur vielf\u00e4ltige Beschreibungen des sp\u00e4tmittelalterlichen und renaissancezeitlichen Zweikampfs, sie ist auch ein pr\u00e4chtiger Bildband mit farbenfrohen und detailreichen Abbildungen. Die Kampfk\u00fcnste bekannter Meister wie Hans Liechtenauer und dem Juden Ott finden sich ebenso darin wie nahezu unbekannte, anonyme Fechtlehren. Das Manuskript wurde im Jahr 1515 verfasst, wahrscheinlich von Hans Schwerer, Leibharnischmeister Kaiser Maximilians I.<\/p>\n<p><b>Eine Weltpremiere<\/b><br \/>\nEin Meisterwerk der Fechtbuchliteratur liegt nun zum ersten Mal im Druck vor. Alle Abbildungen werden in Farbe reproduziert, und der komplette Text wird in einer buchstabengetreuen Transkription sowie einer \u00dcbertragung in modernes Deutsch vorgestellt. Vorhang auf f\u00fcr das Ortenburger Fechtbuch.<\/p>\n<p><b>Format 24,5 x 16cm, Hardcover, gebunden, 448 Seiten, 177 farbige und 56 s\/w Abbildungen<\/b><\/p>\n","protected":false},"excerpt":{"rendered":"<p>Beautiful fight book about armor fighting<\/p>\n","protected":false},"featured_media":44831,"comment_status":"closed","ping_status":"closed","template":"","meta":[],"product_brand":[],"product_cat":[331],"product_tag":[6352,6353,3742,2811,6354,6355],"class_list":{"0":"post-44870","1":"product","2":"type-product","3":"status-publish","4":"has-post-thumbnail","6":"product_cat-hema-en","7":"product_tag-das-ortenburger-fechtbuch-en","8":"product_tag-duel-en","9":"product_tag-harnasvechten-en","10":"product_tag-hema-en","11":"product_tag-tweekamp-en","12":"product_tag-vechtboek-en","14":"first","15":"instock","16":"taxable","17":"shipping-taxable","18":"purchasable","19":"product-type-simple"},"yoast_head":"<!-- This site is optimized with the Yoast SEO plugin v27.4 - https:\/\/yoast.com\/product\/yoast-seo-wordpress\/ -->\n<title>Das Ortenburger Fechtbuch - Zwaard en Volk \/ HEMAworld<\/title>\n<meta name=\"description\" content=\"Look here for books about HEMA such as Das Ortenburger Fechtbuch, reenactment, Living History, and all materials for this.\" \/>\n<meta name=\"robots\" content=\"index, follow, max-snippet:-1, max-image-preview:large, max-video-preview:-1\" \/>\n<link rel=\"canonical\" href=\"https:\/\/woo.zwaardenvolk.nl\/en\/webshop\/boeken-en-default-category-en-default-category-en\/hema-en\/das-ortenburger-fechtbuch\/\" \/>\n<meta property=\"og:locale\" content=\"en_US\" \/>\n<meta property=\"og:type\" content=\"article\" \/>\n<meta property=\"og:title\" content=\"Das Ortenburger Fechtbuch - Zwaard en Volk \/ HEMAworld\" \/>\n<meta property=\"og:description\" content=\"Look here for books about HEMA such as Das Ortenburger Fechtbuch, reenactment, Living History, and all materials for this.\" \/>\n<meta property=\"og:url\" content=\"https:\/\/woo.zwaardenvolk.nl\/en\/webshop\/boeken-en-default-category-en-default-category-en\/hema-en\/das-ortenburger-fechtbuch\/\" \/>\n<meta property=\"og:site_name\" content=\"Zwaard en Volk \/ HEMAworld\" \/>\n<meta property=\"article:publisher\" content=\"https:\/\/www.facebook.com\/zwaardenvolk\/\" \/>\n<meta property=\"article:modified_time\" content=\"2024-06-05T10:14:51+00:00\" \/>\n<meta property=\"og:image\" content=\"https:\/\/woo.zwaardenvolk.nl\/wp-content\/uploads\/2024\/06\/ortenburg_cover_web.png\" \/>\n\t<meta property=\"og:image:width\" content=\"1535\" \/>\n\t<meta property=\"og:image:height\" content=\"1004\" \/>\n\t<meta property=\"og:image:type\" content=\"image\/png\" \/>\n<meta name=\"twitter:card\" content=\"summary_large_image\" \/>\n<meta name=\"twitter:label1\" content=\"Est. reading time\" \/>\n\t<meta name=\"twitter:data1\" content=\"2 minutes\" \/>\n<script type=\"application\/ld+json\" class=\"yoast-schema-graph\">{\"@context\":\"https:\\\/\\\/schema.org\",\"@graph\":[{\"@type\":\"WebPage\",\"@id\":\"https:\\\/\\\/woo.zwaardenvolk.nl\\\/en\\\/webshop\\\/boeken-en-default-category-en-default-category-en\\\/hema-en\\\/das-ortenburger-fechtbuch\\\/\",\"url\":\"https:\\\/\\\/woo.zwaardenvolk.nl\\\/en\\\/webshop\\\/boeken-en-default-category-en-default-category-en\\\/hema-en\\\/das-ortenburger-fechtbuch\\\/\",\"name\":\"Das Ortenburger Fechtbuch - Zwaard en Volk \\\/ HEMAworld\",\"isPartOf\":{\"@id\":\"https:\\\/\\\/woo.zwaardenvolk.nl\\\/en\\\/#website\"},\"primaryImageOfPage\":{\"@id\":\"https:\\\/\\\/woo.zwaardenvolk.nl\\\/en\\\/webshop\\\/boeken-en-default-category-en-default-category-en\\\/hema-en\\\/das-ortenburger-fechtbuch\\\/#primaryimage\"},\"image\":{\"@id\":\"https:\\\/\\\/woo.zwaardenvolk.nl\\\/en\\\/webshop\\\/boeken-en-default-category-en-default-category-en\\\/hema-en\\\/das-ortenburger-fechtbuch\\\/#primaryimage\"},\"thumbnailUrl\":\"https:\\\/\\\/woo.zwaardenvolk.nl\\\/wp-content\\\/uploads\\\/2024\\\/06\\\/ortenburg_cover_web.png\",\"datePublished\":\"2024-06-05T09:50:44+00:00\",\"dateModified\":\"2024-06-05T10:14:51+00:00\",\"description\":\"Look here for books about HEMA such as Das Ortenburger Fechtbuch, reenactment, Living History, and all materials for this.\",\"breadcrumb\":{\"@id\":\"https:\\\/\\\/woo.zwaardenvolk.nl\\\/en\\\/webshop\\\/boeken-en-default-category-en-default-category-en\\\/hema-en\\\/das-ortenburger-fechtbuch\\\/#breadcrumb\"},\"inLanguage\":\"en-US\",\"potentialAction\":[{\"@type\":\"ReadAction\",\"target\":[\"https:\\\/\\\/woo.zwaardenvolk.nl\\\/en\\\/webshop\\\/boeken-en-default-category-en-default-category-en\\\/hema-en\\\/das-ortenburger-fechtbuch\\\/\"]}]},{\"@type\":\"ImageObject\",\"inLanguage\":\"en-US\",\"@id\":\"https:\\\/\\\/woo.zwaardenvolk.nl\\\/en\\\/webshop\\\/boeken-en-default-category-en-default-category-en\\\/hema-en\\\/das-ortenburger-fechtbuch\\\/#primaryimage\",\"url\":\"https:\\\/\\\/woo.zwaardenvolk.nl\\\/wp-content\\\/uploads\\\/2024\\\/06\\\/ortenburg_cover_web.png\",\"contentUrl\":\"https:\\\/\\\/woo.zwaardenvolk.nl\\\/wp-content\\\/uploads\\\/2024\\\/06\\\/ortenburg_cover_web.png\",\"width\":1535,\"height\":1004},{\"@type\":\"BreadcrumbList\",\"@id\":\"https:\\\/\\\/woo.zwaardenvolk.nl\\\/en\\\/webshop\\\/boeken-en-default-category-en-default-category-en\\\/hema-en\\\/das-ortenburger-fechtbuch\\\/#breadcrumb\",\"itemListElement\":[{\"@type\":\"ListItem\",\"position\":1,\"name\":\"Home\",\"item\":\"https:\\\/\\\/woo.zwaardenvolk.nl\\\/en\\\/\"},{\"@type\":\"ListItem\",\"position\":2,\"name\":\"Webshop\",\"item\":\"https:\\\/\\\/woo.zwaardenvolk.nl\\\/en\\\/webshop\\\/\"},{\"@type\":\"ListItem\",\"position\":3,\"name\":\"Das Ortenburger Fechtbuch\"}]},{\"@type\":\"WebSite\",\"@id\":\"https:\\\/\\\/woo.zwaardenvolk.nl\\\/en\\\/#website\",\"url\":\"https:\\\/\\\/woo.zwaardenvolk.nl\\\/en\\\/\",\"name\":\"Zwaard en Volk \\\/ HEMAworld\",\"description\":\"Middeleeuwen en HEMA\",\"publisher\":{\"@id\":\"https:\\\/\\\/woo.zwaardenvolk.nl\\\/en\\\/#organization\"},\"potentialAction\":[{\"@type\":\"SearchAction\",\"target\":{\"@type\":\"EntryPoint\",\"urlTemplate\":\"https:\\\/\\\/woo.zwaardenvolk.nl\\\/en\\\/?s={search_term_string}\"},\"query-input\":{\"@type\":\"PropertyValueSpecification\",\"valueRequired\":true,\"valueName\":\"search_term_string\"}}],\"inLanguage\":\"en-US\"},{\"@type\":\"Organization\",\"@id\":\"https:\\\/\\\/woo.zwaardenvolk.nl\\\/en\\\/#organization\",\"name\":\"Zwaard en Volk \\\/ HEMAworld\",\"url\":\"https:\\\/\\\/woo.zwaardenvolk.nl\\\/en\\\/\",\"logo\":{\"@type\":\"ImageObject\",\"inLanguage\":\"en-US\",\"@id\":\"https:\\\/\\\/woo.zwaardenvolk.nl\\\/en\\\/#\\\/schema\\\/logo\\\/image\\\/\",\"url\":\"https:\\\/\\\/woo.zwaardenvolk.nl\\\/wp-content\\\/uploads\\\/2020\\\/07\\\/Zwaard-en-Volk-HEMAworld-logo-vierkant-2000x2000-1.jpg\",\"contentUrl\":\"https:\\\/\\\/woo.zwaardenvolk.nl\\\/wp-content\\\/uploads\\\/2020\\\/07\\\/Zwaard-en-Volk-HEMAworld-logo-vierkant-2000x2000-1.jpg\",\"width\":2000,\"height\":2000,\"caption\":\"Zwaard en Volk \\\/ HEMAworld\"},\"image\":{\"@id\":\"https:\\\/\\\/woo.zwaardenvolk.nl\\\/en\\\/#\\\/schema\\\/logo\\\/image\\\/\"},\"sameAs\":[\"https:\\\/\\\/www.facebook.com\\\/zwaardenvolk\\\/\"]}]}<\/script>\n<!-- \/ Yoast SEO plugin. -->","yoast_head_json":{"title":"Das Ortenburger Fechtbuch - Zwaard en Volk \/ HEMAworld","description":"Look here for books about HEMA such as Das Ortenburger Fechtbuch, reenactment, Living History, and all materials for this.","robots":{"index":"index","follow":"follow","max-snippet":"max-snippet:-1","max-image-preview":"max-image-preview:large","max-video-preview":"max-video-preview:-1"},"canonical":"https:\/\/woo.zwaardenvolk.nl\/en\/webshop\/boeken-en-default-category-en-default-category-en\/hema-en\/das-ortenburger-fechtbuch\/","og_locale":"en_US","og_type":"article","og_title":"Das Ortenburger Fechtbuch - Zwaard en Volk \/ HEMAworld","og_description":"Look here for books about HEMA such as Das Ortenburger Fechtbuch, reenactment, Living History, and all materials for this.","og_url":"https:\/\/woo.zwaardenvolk.nl\/en\/webshop\/boeken-en-default-category-en-default-category-en\/hema-en\/das-ortenburger-fechtbuch\/","og_site_name":"Zwaard en Volk \/ HEMAworld","article_publisher":"https:\/\/www.facebook.com\/zwaardenvolk\/","article_modified_time":"2024-06-05T10:14:51+00:00","og_image":[{"width":1535,"height":1004,"url":"https:\/\/woo.zwaardenvolk.nl\/wp-content\/uploads\/2024\/06\/ortenburg_cover_web.png","type":"image\/png"}],"twitter_card":"summary_large_image","twitter_misc":{"Est. reading time":"2 minutes"},"schema":{"@context":"https:\/\/schema.org","@graph":[{"@type":"WebPage","@id":"https:\/\/woo.zwaardenvolk.nl\/en\/webshop\/boeken-en-default-category-en-default-category-en\/hema-en\/das-ortenburger-fechtbuch\/","url":"https:\/\/woo.zwaardenvolk.nl\/en\/webshop\/boeken-en-default-category-en-default-category-en\/hema-en\/das-ortenburger-fechtbuch\/","name":"Das Ortenburger Fechtbuch - Zwaard en Volk \/ HEMAworld","isPartOf":{"@id":"https:\/\/woo.zwaardenvolk.nl\/en\/#website"},"primaryImageOfPage":{"@id":"https:\/\/woo.zwaardenvolk.nl\/en\/webshop\/boeken-en-default-category-en-default-category-en\/hema-en\/das-ortenburger-fechtbuch\/#primaryimage"},"image":{"@id":"https:\/\/woo.zwaardenvolk.nl\/en\/webshop\/boeken-en-default-category-en-default-category-en\/hema-en\/das-ortenburger-fechtbuch\/#primaryimage"},"thumbnailUrl":"https:\/\/woo.zwaardenvolk.nl\/wp-content\/uploads\/2024\/06\/ortenburg_cover_web.png","datePublished":"2024-06-05T09:50:44+00:00","dateModified":"2024-06-05T10:14:51+00:00","description":"Look here for books about HEMA such as Das Ortenburger Fechtbuch, reenactment, Living History, and all materials for this.","breadcrumb":{"@id":"https:\/\/woo.zwaardenvolk.nl\/en\/webshop\/boeken-en-default-category-en-default-category-en\/hema-en\/das-ortenburger-fechtbuch\/#breadcrumb"},"inLanguage":"en-US","potentialAction":[{"@type":"ReadAction","target":["https:\/\/woo.zwaardenvolk.nl\/en\/webshop\/boeken-en-default-category-en-default-category-en\/hema-en\/das-ortenburger-fechtbuch\/"]}]},{"@type":"ImageObject","inLanguage":"en-US","@id":"https:\/\/woo.zwaardenvolk.nl\/en\/webshop\/boeken-en-default-category-en-default-category-en\/hema-en\/das-ortenburger-fechtbuch\/#primaryimage","url":"https:\/\/woo.zwaardenvolk.nl\/wp-content\/uploads\/2024\/06\/ortenburg_cover_web.png","contentUrl":"https:\/\/woo.zwaardenvolk.nl\/wp-content\/uploads\/2024\/06\/ortenburg_cover_web.png","width":1535,"height":1004},{"@type":"BreadcrumbList","@id":"https:\/\/woo.zwaardenvolk.nl\/en\/webshop\/boeken-en-default-category-en-default-category-en\/hema-en\/das-ortenburger-fechtbuch\/#breadcrumb","itemListElement":[{"@type":"ListItem","position":1,"name":"Home","item":"https:\/\/woo.zwaardenvolk.nl\/en\/"},{"@type":"ListItem","position":2,"name":"Webshop","item":"https:\/\/woo.zwaardenvolk.nl\/en\/webshop\/"},{"@type":"ListItem","position":3,"name":"Das Ortenburger Fechtbuch"}]},{"@type":"WebSite","@id":"https:\/\/woo.zwaardenvolk.nl\/en\/#website","url":"https:\/\/woo.zwaardenvolk.nl\/en\/","name":"Zwaard en Volk \/ HEMAworld","description":"Middeleeuwen en HEMA","publisher":{"@id":"https:\/\/woo.zwaardenvolk.nl\/en\/#organization"},"potentialAction":[{"@type":"SearchAction","target":{"@type":"EntryPoint","urlTemplate":"https:\/\/woo.zwaardenvolk.nl\/en\/?s={search_term_string}"},"query-input":{"@type":"PropertyValueSpecification","valueRequired":true,"valueName":"search_term_string"}}],"inLanguage":"en-US"},{"@type":"Organization","@id":"https:\/\/woo.zwaardenvolk.nl\/en\/#organization","name":"Zwaard en Volk \/ HEMAworld","url":"https:\/\/woo.zwaardenvolk.nl\/en\/","logo":{"@type":"ImageObject","inLanguage":"en-US","@id":"https:\/\/woo.zwaardenvolk.nl\/en\/#\/schema\/logo\/image\/","url":"https:\/\/woo.zwaardenvolk.nl\/wp-content\/uploads\/2020\/07\/Zwaard-en-Volk-HEMAworld-logo-vierkant-2000x2000-1.jpg","contentUrl":"https:\/\/woo.zwaardenvolk.nl\/wp-content\/uploads\/2020\/07\/Zwaard-en-Volk-HEMAworld-logo-vierkant-2000x2000-1.jpg","width":2000,"height":2000,"caption":"Zwaard en Volk \/ HEMAworld"},"image":{"@id":"https:\/\/woo.zwaardenvolk.nl\/en\/#\/schema\/logo\/image\/"},"sameAs":["https:\/\/www.facebook.com\/zwaardenvolk\/"]}]}},"_links":{"self":[{"href":"https:\/\/woo.zwaardenvolk.nl\/en\/wp-json\/wp\/v2\/product\/44870","targetHints":{"allow":["GET"]}}],"collection":[{"href":"https:\/\/woo.zwaardenvolk.nl\/en\/wp-json\/wp\/v2\/product"}],"about":[{"href":"https:\/\/woo.zwaardenvolk.nl\/en\/wp-json\/wp\/v2\/types\/product"}],"replies":[{"embeddable":true,"href":"https:\/\/woo.zwaardenvolk.nl\/en\/wp-json\/wp\/v2\/comments?post=44870"}],"wp:featuredmedia":[{"embeddable":true,"href":"https:\/\/woo.zwaardenvolk.nl\/en\/wp-json\/wp\/v2\/media\/44831"}],"wp:attachment":[{"href":"https:\/\/woo.zwaardenvolk.nl\/en\/wp-json\/wp\/v2\/media?parent=44870"}],"wp:term":[{"taxonomy":"product_brand","embeddable":true,"href":"https:\/\/woo.zwaardenvolk.nl\/en\/wp-json\/wp\/v2\/product_brand?post=44870"},{"taxonomy":"product_cat","embeddable":true,"href":"https:\/\/woo.zwaardenvolk.nl\/en\/wp-json\/wp\/v2\/product_cat?post=44870"},{"taxonomy":"product_tag","embeddable":true,"href":"https:\/\/woo.zwaardenvolk.nl\/en\/wp-json\/wp\/v2\/product_tag?post=44870"}],"curies":[{"name":"wp","href":"https:\/\/api.w.org\/{rel}","templated":true}]}}