{"id":44278,"date":"2024-03-02T15:10:05","date_gmt":"2024-03-02T14:10:05","guid":{"rendered":"https:\/\/woo.zwaardenvolk.nl\/webshop\/uncategorized\/durers-fight-book\/"},"modified":"2024-03-02T15:13:47","modified_gmt":"2024-03-02T14:13:47","slug":"durers-fight-book","status":"publish","type":"product","link":"https:\/\/woo.zwaardenvolk.nl\/en\/webshop\/boeken-en-default-category-en-default-category-en\/hema-en\/durers-fight-book\/","title":{"rendered":"D\u00fcrer\u2019s fight book"},"content":{"rendered":"<p><strong>The Genius of the German Renaissance and His Combat Treatise.<\/strong><\/p>\n<p>Albrecht D\u00fcrer is probably the most famous German artist of the Renaissance, if not of all time. His works are world-famous and he was a master in numerous artistic disciplines such as woodcut, copperplate engraving, drawing and painting.<\/p>\n<p>What is less well known is that he was interested in weapons and fencing throughout his life. He produced several woodcuts for a tournament book by Emperor Maximilian I, but he devoted himself much more thoroughly to the subject of duels in his own extensive fencing manuscript.<\/p>\n<p>D\u00fcrer\u2019s fight book stands out from the mass of illustrated fencing manuscripts because of its outstanding quality. In well over 100 elaborate drawings, the master uniquely depicts dynamic pairs of fighters practising contemporary combat techniques, such as wrestling, messer,\u00a0 or sword and dagger fighting.<\/p>\n<p>Since its creation more than 500 years ago, the fight book has never been published in its entirety. This edition offers the complete contents of the manuscript for the very first time: All illustrations are reproduced in colour and the complete text is presented in a letter-perfect transcription as well as a translation into modern English.<\/p>\n<p>Albrecht D\u00fcrer&#8217;s fight book offers a unique, new look at D\u00fcrer the artist and D\u00fcrer the fighter.<\/p>\n<p>Hardcover, 320 pp., 140 b\/w illustrations.<\/p>\n","protected":false},"excerpt":{"rendered":"<p>complete manuscript regarding HEMA, sword fighting, wrestling, messer, and more<\/p>\n","protected":false},"featured_media":44269,"comment_status":"closed","ping_status":"closed","template":"","meta":[],"product_brand":[],"product_cat":[331],"product_tag":[3056,6283,3002,6284,5672,3539,5241,3755],"class_list":{"0":"post-44278","1":"product","2":"type-product","3":"status-publish","4":"has-post-thumbnail","6":"product_cat-hema-en","7":"product_tag-dagger-en","8":"product_tag-durers-fight-book-en","9":"product_tag-fencing-en-2","10":"product_tag-hema-boek-en","11":"product_tag-manuscript-en","12":"product_tag-messer-en","13":"product_tag-ringen-en","14":"product_tag-worstelen-en","16":"first","17":"instock","18":"taxable","19":"shipping-taxable","20":"purchasable","21":"product-type-simple"},"yoast_head":"<!-- This site is optimized with the Yoast SEO plugin v27.3 - https:\/\/yoast.com\/product\/yoast-seo-wordpress\/ -->\n<title>D\u00fcrer\u2019s fight book - Zwaard en Volk \/ HEMAworld<\/title>\n<meta name=\"description\" content=\"Look here for books about HEMA, re-enactment, Living History, and all items for HEMA, re-enactment, Living History.\" \/>\n<meta name=\"robots\" content=\"index, follow, max-snippet:-1, max-image-preview:large, max-video-preview:-1\" \/>\n<link rel=\"canonical\" href=\"https:\/\/woo.zwaardenvolk.nl\/en\/webshop\/boeken-en-default-category-en-default-category-en\/hema-en\/durers-fight-book\/\" \/>\n<meta property=\"og:locale\" content=\"en_US\" \/>\n<meta property=\"og:type\" content=\"article\" \/>\n<meta property=\"og:title\" content=\"D\u00fcrer\u2019s fight book - Zwaard en Volk \/ HEMAworld\" \/>\n<meta property=\"og:description\" content=\"Look here for books about HEMA, re-enactment, Living History, and all items for HEMA, re-enactment, Living History.\" \/>\n<meta property=\"og:url\" content=\"https:\/\/woo.zwaardenvolk.nl\/en\/webshop\/boeken-en-default-category-en-default-category-en\/hema-en\/durers-fight-book\/\" \/>\n<meta property=\"og:site_name\" content=\"Zwaard en Volk \/ HEMAworld\" \/>\n<meta property=\"article:publisher\" content=\"https:\/\/www.facebook.com\/zwaardenvolk\/\" \/>\n<meta property=\"article:modified_time\" content=\"2024-03-02T14:13:47+00:00\" \/>\n<meta property=\"og:image\" content=\"https:\/\/woo.zwaardenvolk.nl\/wp-content\/uploads\/2024\/03\/Durers-fight-book.jpg\" \/>\n\t<meta property=\"og:image:width\" content=\"533\" \/>\n\t<meta property=\"og:image:height\" content=\"800\" \/>\n\t<meta property=\"og:image:type\" content=\"image\/jpeg\" \/>\n<meta name=\"twitter:card\" content=\"summary_large_image\" \/>\n<meta name=\"twitter:label1\" content=\"Est. reading time\" \/>\n\t<meta name=\"twitter:data1\" content=\"2 minutes\" \/>\n<script type=\"application\/ld+json\" class=\"yoast-schema-graph\">{\"@context\":\"https:\\\/\\\/schema.org\",\"@graph\":[{\"@type\":\"WebPage\",\"@id\":\"https:\\\/\\\/woo.zwaardenvolk.nl\\\/en\\\/webshop\\\/boeken-en-default-category-en-default-category-en\\\/hema-en\\\/durers-fight-book\\\/\",\"url\":\"https:\\\/\\\/woo.zwaardenvolk.nl\\\/en\\\/webshop\\\/boeken-en-default-category-en-default-category-en\\\/hema-en\\\/durers-fight-book\\\/\",\"name\":\"D\u00fcrer\u2019s fight book - Zwaard en Volk \\\/ HEMAworld\",\"isPartOf\":{\"@id\":\"https:\\\/\\\/woo.zwaardenvolk.nl\\\/en\\\/#website\"},\"primaryImageOfPage\":{\"@id\":\"https:\\\/\\\/woo.zwaardenvolk.nl\\\/en\\\/webshop\\\/boeken-en-default-category-en-default-category-en\\\/hema-en\\\/durers-fight-book\\\/#primaryimage\"},\"image\":{\"@id\":\"https:\\\/\\\/woo.zwaardenvolk.nl\\\/en\\\/webshop\\\/boeken-en-default-category-en-default-category-en\\\/hema-en\\\/durers-fight-book\\\/#primaryimage\"},\"thumbnailUrl\":\"https:\\\/\\\/woo.zwaardenvolk.nl\\\/wp-content\\\/uploads\\\/2024\\\/03\\\/Durers-fight-book.jpg\",\"datePublished\":\"2024-03-02T14:10:05+00:00\",\"dateModified\":\"2024-03-02T14:13:47+00:00\",\"description\":\"Look here for books about HEMA, re-enactment, Living History, and all items for HEMA, re-enactment, Living History.\",\"breadcrumb\":{\"@id\":\"https:\\\/\\\/woo.zwaardenvolk.nl\\\/en\\\/webshop\\\/boeken-en-default-category-en-default-category-en\\\/hema-en\\\/durers-fight-book\\\/#breadcrumb\"},\"inLanguage\":\"en-US\",\"potentialAction\":[{\"@type\":\"ReadAction\",\"target\":[\"https:\\\/\\\/woo.zwaardenvolk.nl\\\/en\\\/webshop\\\/boeken-en-default-category-en-default-category-en\\\/hema-en\\\/durers-fight-book\\\/\"]}]},{\"@type\":\"ImageObject\",\"inLanguage\":\"en-US\",\"@id\":\"https:\\\/\\\/woo.zwaardenvolk.nl\\\/en\\\/webshop\\\/boeken-en-default-category-en-default-category-en\\\/hema-en\\\/durers-fight-book\\\/#primaryimage\",\"url\":\"https:\\\/\\\/woo.zwaardenvolk.nl\\\/wp-content\\\/uploads\\\/2024\\\/03\\\/Durers-fight-book.jpg\",\"contentUrl\":\"https:\\\/\\\/woo.zwaardenvolk.nl\\\/wp-content\\\/uploads\\\/2024\\\/03\\\/Durers-fight-book.jpg\",\"width\":533,\"height\":800},{\"@type\":\"BreadcrumbList\",\"@id\":\"https:\\\/\\\/woo.zwaardenvolk.nl\\\/en\\\/webshop\\\/boeken-en-default-category-en-default-category-en\\\/hema-en\\\/durers-fight-book\\\/#breadcrumb\",\"itemListElement\":[{\"@type\":\"ListItem\",\"position\":1,\"name\":\"Home\",\"item\":\"https:\\\/\\\/woo.zwaardenvolk.nl\\\/en\\\/\"},{\"@type\":\"ListItem\",\"position\":2,\"name\":\"Webshop\",\"item\":\"https:\\\/\\\/woo.zwaardenvolk.nl\\\/en\\\/webshop\\\/\"},{\"@type\":\"ListItem\",\"position\":3,\"name\":\"D\u00fcrer\u2019s fight book\"}]},{\"@type\":\"WebSite\",\"@id\":\"https:\\\/\\\/woo.zwaardenvolk.nl\\\/en\\\/#website\",\"url\":\"https:\\\/\\\/woo.zwaardenvolk.nl\\\/en\\\/\",\"name\":\"Zwaard en Volk \\\/ HEMAworld\",\"description\":\"Middeleeuwen en HEMA\",\"publisher\":{\"@id\":\"https:\\\/\\\/woo.zwaardenvolk.nl\\\/en\\\/#organization\"},\"potentialAction\":[{\"@type\":\"SearchAction\",\"target\":{\"@type\":\"EntryPoint\",\"urlTemplate\":\"https:\\\/\\\/woo.zwaardenvolk.nl\\\/en\\\/?s={search_term_string}\"},\"query-input\":{\"@type\":\"PropertyValueSpecification\",\"valueRequired\":true,\"valueName\":\"search_term_string\"}}],\"inLanguage\":\"en-US\"},{\"@type\":\"Organization\",\"@id\":\"https:\\\/\\\/woo.zwaardenvolk.nl\\\/en\\\/#organization\",\"name\":\"Zwaard en Volk \\\/ HEMAworld\",\"url\":\"https:\\\/\\\/woo.zwaardenvolk.nl\\\/en\\\/\",\"logo\":{\"@type\":\"ImageObject\",\"inLanguage\":\"en-US\",\"@id\":\"https:\\\/\\\/woo.zwaardenvolk.nl\\\/en\\\/#\\\/schema\\\/logo\\\/image\\\/\",\"url\":\"https:\\\/\\\/woo.zwaardenvolk.nl\\\/wp-content\\\/uploads\\\/2020\\\/07\\\/Zwaard-en-Volk-HEMAworld-logo-vierkant-2000x2000-1.jpg\",\"contentUrl\":\"https:\\\/\\\/woo.zwaardenvolk.nl\\\/wp-content\\\/uploads\\\/2020\\\/07\\\/Zwaard-en-Volk-HEMAworld-logo-vierkant-2000x2000-1.jpg\",\"width\":2000,\"height\":2000,\"caption\":\"Zwaard en Volk \\\/ HEMAworld\"},\"image\":{\"@id\":\"https:\\\/\\\/woo.zwaardenvolk.nl\\\/en\\\/#\\\/schema\\\/logo\\\/image\\\/\"},\"sameAs\":[\"https:\\\/\\\/www.facebook.com\\\/zwaardenvolk\\\/\"]}]}<\/script>\n<!-- \/ Yoast SEO plugin. -->","yoast_head_json":{"title":"D\u00fcrer\u2019s fight book - Zwaard en Volk \/ HEMAworld","description":"Look here for books about HEMA, re-enactment, Living History, and all items for HEMA, re-enactment, Living History.","robots":{"index":"index","follow":"follow","max-snippet":"max-snippet:-1","max-image-preview":"max-image-preview:large","max-video-preview":"max-video-preview:-1"},"canonical":"https:\/\/woo.zwaardenvolk.nl\/en\/webshop\/boeken-en-default-category-en-default-category-en\/hema-en\/durers-fight-book\/","og_locale":"en_US","og_type":"article","og_title":"D\u00fcrer\u2019s fight book - Zwaard en Volk \/ HEMAworld","og_description":"Look here for books about HEMA, re-enactment, Living History, and all items for HEMA, re-enactment, Living History.","og_url":"https:\/\/woo.zwaardenvolk.nl\/en\/webshop\/boeken-en-default-category-en-default-category-en\/hema-en\/durers-fight-book\/","og_site_name":"Zwaard en Volk \/ HEMAworld","article_publisher":"https:\/\/www.facebook.com\/zwaardenvolk\/","article_modified_time":"2024-03-02T14:13:47+00:00","og_image":[{"width":533,"height":800,"url":"https:\/\/woo.zwaardenvolk.nl\/wp-content\/uploads\/2024\/03\/Durers-fight-book.jpg","type":"image\/jpeg"}],"twitter_card":"summary_large_image","twitter_misc":{"Est. reading time":"2 minutes"},"schema":{"@context":"https:\/\/schema.org","@graph":[{"@type":"WebPage","@id":"https:\/\/woo.zwaardenvolk.nl\/en\/webshop\/boeken-en-default-category-en-default-category-en\/hema-en\/durers-fight-book\/","url":"https:\/\/woo.zwaardenvolk.nl\/en\/webshop\/boeken-en-default-category-en-default-category-en\/hema-en\/durers-fight-book\/","name":"D\u00fcrer\u2019s fight book - Zwaard en Volk \/ HEMAworld","isPartOf":{"@id":"https:\/\/woo.zwaardenvolk.nl\/en\/#website"},"primaryImageOfPage":{"@id":"https:\/\/woo.zwaardenvolk.nl\/en\/webshop\/boeken-en-default-category-en-default-category-en\/hema-en\/durers-fight-book\/#primaryimage"},"image":{"@id":"https:\/\/woo.zwaardenvolk.nl\/en\/webshop\/boeken-en-default-category-en-default-category-en\/hema-en\/durers-fight-book\/#primaryimage"},"thumbnailUrl":"https:\/\/woo.zwaardenvolk.nl\/wp-content\/uploads\/2024\/03\/Durers-fight-book.jpg","datePublished":"2024-03-02T14:10:05+00:00","dateModified":"2024-03-02T14:13:47+00:00","description":"Look here for books about HEMA, re-enactment, Living History, and all items for HEMA, re-enactment, Living History.","breadcrumb":{"@id":"https:\/\/woo.zwaardenvolk.nl\/en\/webshop\/boeken-en-default-category-en-default-category-en\/hema-en\/durers-fight-book\/#breadcrumb"},"inLanguage":"en-US","potentialAction":[{"@type":"ReadAction","target":["https:\/\/woo.zwaardenvolk.nl\/en\/webshop\/boeken-en-default-category-en-default-category-en\/hema-en\/durers-fight-book\/"]}]},{"@type":"ImageObject","inLanguage":"en-US","@id":"https:\/\/woo.zwaardenvolk.nl\/en\/webshop\/boeken-en-default-category-en-default-category-en\/hema-en\/durers-fight-book\/#primaryimage","url":"https:\/\/woo.zwaardenvolk.nl\/wp-content\/uploads\/2024\/03\/Durers-fight-book.jpg","contentUrl":"https:\/\/woo.zwaardenvolk.nl\/wp-content\/uploads\/2024\/03\/Durers-fight-book.jpg","width":533,"height":800},{"@type":"BreadcrumbList","@id":"https:\/\/woo.zwaardenvolk.nl\/en\/webshop\/boeken-en-default-category-en-default-category-en\/hema-en\/durers-fight-book\/#breadcrumb","itemListElement":[{"@type":"ListItem","position":1,"name":"Home","item":"https:\/\/woo.zwaardenvolk.nl\/en\/"},{"@type":"ListItem","position":2,"name":"Webshop","item":"https:\/\/woo.zwaardenvolk.nl\/en\/webshop\/"},{"@type":"ListItem","position":3,"name":"D\u00fcrer\u2019s fight book"}]},{"@type":"WebSite","@id":"https:\/\/woo.zwaardenvolk.nl\/en\/#website","url":"https:\/\/woo.zwaardenvolk.nl\/en\/","name":"Zwaard en Volk \/ HEMAworld","description":"Middeleeuwen en HEMA","publisher":{"@id":"https:\/\/woo.zwaardenvolk.nl\/en\/#organization"},"potentialAction":[{"@type":"SearchAction","target":{"@type":"EntryPoint","urlTemplate":"https:\/\/woo.zwaardenvolk.nl\/en\/?s={search_term_string}"},"query-input":{"@type":"PropertyValueSpecification","valueRequired":true,"valueName":"search_term_string"}}],"inLanguage":"en-US"},{"@type":"Organization","@id":"https:\/\/woo.zwaardenvolk.nl\/en\/#organization","name":"Zwaard en Volk \/ HEMAworld","url":"https:\/\/woo.zwaardenvolk.nl\/en\/","logo":{"@type":"ImageObject","inLanguage":"en-US","@id":"https:\/\/woo.zwaardenvolk.nl\/en\/#\/schema\/logo\/image\/","url":"https:\/\/woo.zwaardenvolk.nl\/wp-content\/uploads\/2020\/07\/Zwaard-en-Volk-HEMAworld-logo-vierkant-2000x2000-1.jpg","contentUrl":"https:\/\/woo.zwaardenvolk.nl\/wp-content\/uploads\/2020\/07\/Zwaard-en-Volk-HEMAworld-logo-vierkant-2000x2000-1.jpg","width":2000,"height":2000,"caption":"Zwaard en Volk \/ HEMAworld"},"image":{"@id":"https:\/\/woo.zwaardenvolk.nl\/en\/#\/schema\/logo\/image\/"},"sameAs":["https:\/\/www.facebook.com\/zwaardenvolk\/"]}]}},"_links":{"self":[{"href":"https:\/\/woo.zwaardenvolk.nl\/en\/wp-json\/wp\/v2\/product\/44278","targetHints":{"allow":["GET"]}}],"collection":[{"href":"https:\/\/woo.zwaardenvolk.nl\/en\/wp-json\/wp\/v2\/product"}],"about":[{"href":"https:\/\/woo.zwaardenvolk.nl\/en\/wp-json\/wp\/v2\/types\/product"}],"replies":[{"embeddable":true,"href":"https:\/\/woo.zwaardenvolk.nl\/en\/wp-json\/wp\/v2\/comments?post=44278"}],"wp:featuredmedia":[{"embeddable":true,"href":"https:\/\/woo.zwaardenvolk.nl\/en\/wp-json\/wp\/v2\/media\/44269"}],"wp:attachment":[{"href":"https:\/\/woo.zwaardenvolk.nl\/en\/wp-json\/wp\/v2\/media?parent=44278"}],"wp:term":[{"taxonomy":"product_brand","embeddable":true,"href":"https:\/\/woo.zwaardenvolk.nl\/en\/wp-json\/wp\/v2\/product_brand?post=44278"},{"taxonomy":"product_cat","embeddable":true,"href":"https:\/\/woo.zwaardenvolk.nl\/en\/wp-json\/wp\/v2\/product_cat?post=44278"},{"taxonomy":"product_tag","embeddable":true,"href":"https:\/\/woo.zwaardenvolk.nl\/en\/wp-json\/wp\/v2\/product_tag?post=44278"}],"curies":[{"name":"wp","href":"https:\/\/api.w.org\/{rel}","templated":true}]}}