{"id":38851,"date":"2021-10-28T18:37:28","date_gmt":"2021-10-28T16:37:28","guid":{"rendered":"https:\/\/woo.zwaardenvolk.nl\/webshop\/uncategorized\/albrecht-durer-das-fechtbuch\/"},"modified":"2022-07-23T12:28:25","modified_gmt":"2022-07-23T10:28:25","slug":"albrecht-durer-das-fechtbuch","status":"publish","type":"product","link":"https:\/\/woo.zwaardenvolk.nl\/en\/webshop\/boeken-en-default-category-en-default-category-en\/hema-en\/albrecht-durer-das-fechtbuch\/","title":{"rendered":"Albrecht D\u00fcrer &#8211; Das Fechtbuch"},"content":{"rendered":"<p>Albrecht D\u00fcrer ist der wohl ber\u00fchmteste deutsche K\u00fcnstler der Renaissance, wenn nicht gar aller Zeiten.<\/p>\n<p>Seine Werke sind weltbekannt, und er war ein Meister in zahlreichen k\u00fcnstlerischen Disziplinen wie dem Holzschnitt,<br \/>\ndem Kupferstich, der Zeichnung und der Malerei.<br \/>\nWeniger bekannt ist, dass er sich zeitlebens mit Waffenkunde und Fechtkunst besch\u00e4ftigt hat. Er hat f\u00fcr ein Turnierbuch Kaiser Maximilians I. mehrere Stiche angefertigt, aber sehr viel eingehender hat er sich dem Thema Zweikampf in einer eigenen umfangreichen Fechthandschrift gewidmet.<br \/>\nD\u00fcrers Fechtbuch sticht aus der Masse der illustrierten Fechthandschriften durch seine \u00fcberragende Qualit\u00e4t heraus. Der Meister zeigt in weit \u00fcber 100 kunstvollen Zeichnungen einzigartige bewegte K\u00e4mpferpaare, die sich in den zeitgen\u00f6ssischen Kampftechniken \u00fcben, wie etwa dem Ringen oder dem Schwert- und Dolchkampf.<br \/>\nSeit seinem Entstehen vor mehr als 500 Jahren ist das Fechtbuch niemals vollst\u00e4ndig ver\u00f6ffentlicht worden.<br \/>\nDie vorliegende Ausgabe bietet zum allerersten Mal den gesamten Inhalt der Handschrift: Alle Abbildungen werden in Farbe reproduziert und der komplette Text wird in einer buchstabengetreuen Transkription sowie einer \u00dcbersetzung in modernes Deutsch vorgestellt.<br \/>\nAlbrecht D\u00fcrers Fechtbuch bietet einen einzigartigen, neuen Blick auf D\u00fcrer, den K\u00fcnstler und D\u00fcrer, den K\u00e4mpfer.<\/p>\n<p><b>Format 15,6 x 23,4 cm, Hardcover, gebunden, 328 Seiten, 140 farbige Abbildungen, 16 Tabellen, 2 Leseb\u00e4ndchen<\/b><\/p>\n","protected":false},"excerpt":{"rendered":"<p>HEMA book by D\u00fcrer with many drawings<\/p>\n","protected":false},"featured_media":38848,"comment_status":"closed","ping_status":"closed","template":"","meta":[],"product_brand":[],"product_cat":[331],"product_tag":[5240,3754,3002,3539,5241,3755],"class_list":{"0":"post-38851","1":"product","2":"type-product","3":"status-publish","4":"has-post-thumbnail","6":"product_cat-hema-en","7":"product_tag-albrecht-durer-en","8":"product_tag-boek-over-hema-en","9":"product_tag-fencing-en-2","10":"product_tag-messer-en","11":"product_tag-ringen-en","12":"product_tag-worstelen-en","14":"first","15":"outofstock","16":"taxable","17":"shipping-taxable","18":"purchasable","19":"product-type-simple"},"yoast_head":"<!-- This site is optimized with the Yoast SEO plugin v27.3 - https:\/\/yoast.com\/product\/yoast-seo-wordpress\/ -->\n<title>Albrecht D\u00fcrer - Das Fechtbuch - Zwaard en Volk \/ HEMAworld<\/title>\n<meta name=\"description\" content=\"Look here for books about HEMA, re-enactment, Living History, and all the stuff for HEMA, re-enactment, Living History.\" \/>\n<meta name=\"robots\" content=\"index, follow, max-snippet:-1, max-image-preview:large, max-video-preview:-1\" \/>\n<link rel=\"canonical\" href=\"https:\/\/woo.zwaardenvolk.nl\/en\/webshop\/boeken-en-default-category-en-default-category-en\/hema-en\/albrecht-durer-das-fechtbuch\/\" \/>\n<meta property=\"og:locale\" content=\"en_US\" \/>\n<meta property=\"og:type\" content=\"article\" \/>\n<meta property=\"og:title\" content=\"Albrecht D\u00fcrer - Das Fechtbuch - Zwaard en Volk \/ HEMAworld\" \/>\n<meta property=\"og:description\" content=\"Look here for books about HEMA, re-enactment, Living History, and all the stuff for HEMA, re-enactment, Living History.\" \/>\n<meta property=\"og:url\" content=\"https:\/\/woo.zwaardenvolk.nl\/en\/webshop\/boeken-en-default-category-en-default-category-en\/hema-en\/albrecht-durer-das-fechtbuch\/\" \/>\n<meta property=\"og:site_name\" content=\"Zwaard en Volk \/ HEMAworld\" \/>\n<meta property=\"article:publisher\" content=\"https:\/\/www.facebook.com\/zwaardenvolk\/\" \/>\n<meta property=\"article:modified_time\" content=\"2022-07-23T10:28:25+00:00\" \/>\n<meta property=\"og:image\" content=\"https:\/\/woo.zwaardenvolk.nl\/wp-content\/uploads\/2021\/10\/durer-fechtbuch.jpeg\" \/>\n\t<meta property=\"og:image:width\" content=\"480\" \/>\n\t<meta property=\"og:image:height\" content=\"726\" \/>\n\t<meta property=\"og:image:type\" content=\"image\/jpeg\" \/>\n<meta name=\"twitter:card\" content=\"summary_large_image\" \/>\n<meta name=\"twitter:label1\" content=\"Est. reading time\" \/>\n\t<meta name=\"twitter:data1\" content=\"1 minute\" \/>\n<script type=\"application\/ld+json\" class=\"yoast-schema-graph\">{\"@context\":\"https:\\\/\\\/schema.org\",\"@graph\":[{\"@type\":\"WebPage\",\"@id\":\"https:\\\/\\\/woo.zwaardenvolk.nl\\\/en\\\/webshop\\\/boeken-en-default-category-en-default-category-en\\\/hema-en\\\/albrecht-durer-das-fechtbuch\\\/\",\"url\":\"https:\\\/\\\/woo.zwaardenvolk.nl\\\/en\\\/webshop\\\/boeken-en-default-category-en-default-category-en\\\/hema-en\\\/albrecht-durer-das-fechtbuch\\\/\",\"name\":\"Albrecht D\u00fcrer - Das Fechtbuch - Zwaard en Volk \\\/ HEMAworld\",\"isPartOf\":{\"@id\":\"https:\\\/\\\/woo.zwaardenvolk.nl\\\/en\\\/#website\"},\"primaryImageOfPage\":{\"@id\":\"https:\\\/\\\/woo.zwaardenvolk.nl\\\/en\\\/webshop\\\/boeken-en-default-category-en-default-category-en\\\/hema-en\\\/albrecht-durer-das-fechtbuch\\\/#primaryimage\"},\"image\":{\"@id\":\"https:\\\/\\\/woo.zwaardenvolk.nl\\\/en\\\/webshop\\\/boeken-en-default-category-en-default-category-en\\\/hema-en\\\/albrecht-durer-das-fechtbuch\\\/#primaryimage\"},\"thumbnailUrl\":\"https:\\\/\\\/woo.zwaardenvolk.nl\\\/wp-content\\\/uploads\\\/2021\\\/10\\\/durer-fechtbuch.jpeg\",\"datePublished\":\"2021-10-28T16:37:28+00:00\",\"dateModified\":\"2022-07-23T10:28:25+00:00\",\"description\":\"Look here for books about HEMA, re-enactment, Living History, and all the stuff for HEMA, re-enactment, Living History.\",\"breadcrumb\":{\"@id\":\"https:\\\/\\\/woo.zwaardenvolk.nl\\\/en\\\/webshop\\\/boeken-en-default-category-en-default-category-en\\\/hema-en\\\/albrecht-durer-das-fechtbuch\\\/#breadcrumb\"},\"inLanguage\":\"en-US\",\"potentialAction\":[{\"@type\":\"ReadAction\",\"target\":[\"https:\\\/\\\/woo.zwaardenvolk.nl\\\/en\\\/webshop\\\/boeken-en-default-category-en-default-category-en\\\/hema-en\\\/albrecht-durer-das-fechtbuch\\\/\"]}]},{\"@type\":\"ImageObject\",\"inLanguage\":\"en-US\",\"@id\":\"https:\\\/\\\/woo.zwaardenvolk.nl\\\/en\\\/webshop\\\/boeken-en-default-category-en-default-category-en\\\/hema-en\\\/albrecht-durer-das-fechtbuch\\\/#primaryimage\",\"url\":\"https:\\\/\\\/woo.zwaardenvolk.nl\\\/wp-content\\\/uploads\\\/2021\\\/10\\\/durer-fechtbuch.jpeg\",\"contentUrl\":\"https:\\\/\\\/woo.zwaardenvolk.nl\\\/wp-content\\\/uploads\\\/2021\\\/10\\\/durer-fechtbuch.jpeg\",\"width\":480,\"height\":726},{\"@type\":\"BreadcrumbList\",\"@id\":\"https:\\\/\\\/woo.zwaardenvolk.nl\\\/en\\\/webshop\\\/boeken-en-default-category-en-default-category-en\\\/hema-en\\\/albrecht-durer-das-fechtbuch\\\/#breadcrumb\",\"itemListElement\":[{\"@type\":\"ListItem\",\"position\":1,\"name\":\"Home\",\"item\":\"https:\\\/\\\/woo.zwaardenvolk.nl\\\/en\\\/\"},{\"@type\":\"ListItem\",\"position\":2,\"name\":\"Webshop\",\"item\":\"https:\\\/\\\/woo.zwaardenvolk.nl\\\/en\\\/webshop\\\/\"},{\"@type\":\"ListItem\",\"position\":3,\"name\":\"Albrecht D\u00fcrer &#8211; Das Fechtbuch\"}]},{\"@type\":\"WebSite\",\"@id\":\"https:\\\/\\\/woo.zwaardenvolk.nl\\\/en\\\/#website\",\"url\":\"https:\\\/\\\/woo.zwaardenvolk.nl\\\/en\\\/\",\"name\":\"Zwaard en Volk \\\/ HEMAworld\",\"description\":\"Middeleeuwen en HEMA\",\"publisher\":{\"@id\":\"https:\\\/\\\/woo.zwaardenvolk.nl\\\/en\\\/#organization\"},\"potentialAction\":[{\"@type\":\"SearchAction\",\"target\":{\"@type\":\"EntryPoint\",\"urlTemplate\":\"https:\\\/\\\/woo.zwaardenvolk.nl\\\/en\\\/?s={search_term_string}\"},\"query-input\":{\"@type\":\"PropertyValueSpecification\",\"valueRequired\":true,\"valueName\":\"search_term_string\"}}],\"inLanguage\":\"en-US\"},{\"@type\":\"Organization\",\"@id\":\"https:\\\/\\\/woo.zwaardenvolk.nl\\\/en\\\/#organization\",\"name\":\"Zwaard en Volk \\\/ HEMAworld\",\"url\":\"https:\\\/\\\/woo.zwaardenvolk.nl\\\/en\\\/\",\"logo\":{\"@type\":\"ImageObject\",\"inLanguage\":\"en-US\",\"@id\":\"https:\\\/\\\/woo.zwaardenvolk.nl\\\/en\\\/#\\\/schema\\\/logo\\\/image\\\/\",\"url\":\"https:\\\/\\\/woo.zwaardenvolk.nl\\\/wp-content\\\/uploads\\\/2020\\\/07\\\/Zwaard-en-Volk-HEMAworld-logo-vierkant-2000x2000-1.jpg\",\"contentUrl\":\"https:\\\/\\\/woo.zwaardenvolk.nl\\\/wp-content\\\/uploads\\\/2020\\\/07\\\/Zwaard-en-Volk-HEMAworld-logo-vierkant-2000x2000-1.jpg\",\"width\":2000,\"height\":2000,\"caption\":\"Zwaard en Volk \\\/ HEMAworld\"},\"image\":{\"@id\":\"https:\\\/\\\/woo.zwaardenvolk.nl\\\/en\\\/#\\\/schema\\\/logo\\\/image\\\/\"},\"sameAs\":[\"https:\\\/\\\/www.facebook.com\\\/zwaardenvolk\\\/\"]}]}<\/script>\n<!-- \/ Yoast SEO plugin. -->","yoast_head_json":{"title":"Albrecht D\u00fcrer - Das Fechtbuch - Zwaard en Volk \/ HEMAworld","description":"Look here for books about HEMA, re-enactment, Living History, and all the stuff for HEMA, re-enactment, Living History.","robots":{"index":"index","follow":"follow","max-snippet":"max-snippet:-1","max-image-preview":"max-image-preview:large","max-video-preview":"max-video-preview:-1"},"canonical":"https:\/\/woo.zwaardenvolk.nl\/en\/webshop\/boeken-en-default-category-en-default-category-en\/hema-en\/albrecht-durer-das-fechtbuch\/","og_locale":"en_US","og_type":"article","og_title":"Albrecht D\u00fcrer - Das Fechtbuch - Zwaard en Volk \/ HEMAworld","og_description":"Look here for books about HEMA, re-enactment, Living History, and all the stuff for HEMA, re-enactment, Living History.","og_url":"https:\/\/woo.zwaardenvolk.nl\/en\/webshop\/boeken-en-default-category-en-default-category-en\/hema-en\/albrecht-durer-das-fechtbuch\/","og_site_name":"Zwaard en Volk \/ HEMAworld","article_publisher":"https:\/\/www.facebook.com\/zwaardenvolk\/","article_modified_time":"2022-07-23T10:28:25+00:00","og_image":[{"width":480,"height":726,"url":"https:\/\/woo.zwaardenvolk.nl\/wp-content\/uploads\/2021\/10\/durer-fechtbuch.jpeg","type":"image\/jpeg"}],"twitter_card":"summary_large_image","twitter_misc":{"Est. reading time":"1 minute"},"schema":{"@context":"https:\/\/schema.org","@graph":[{"@type":"WebPage","@id":"https:\/\/woo.zwaardenvolk.nl\/en\/webshop\/boeken-en-default-category-en-default-category-en\/hema-en\/albrecht-durer-das-fechtbuch\/","url":"https:\/\/woo.zwaardenvolk.nl\/en\/webshop\/boeken-en-default-category-en-default-category-en\/hema-en\/albrecht-durer-das-fechtbuch\/","name":"Albrecht D\u00fcrer - Das Fechtbuch - Zwaard en Volk \/ HEMAworld","isPartOf":{"@id":"https:\/\/woo.zwaardenvolk.nl\/en\/#website"},"primaryImageOfPage":{"@id":"https:\/\/woo.zwaardenvolk.nl\/en\/webshop\/boeken-en-default-category-en-default-category-en\/hema-en\/albrecht-durer-das-fechtbuch\/#primaryimage"},"image":{"@id":"https:\/\/woo.zwaardenvolk.nl\/en\/webshop\/boeken-en-default-category-en-default-category-en\/hema-en\/albrecht-durer-das-fechtbuch\/#primaryimage"},"thumbnailUrl":"https:\/\/woo.zwaardenvolk.nl\/wp-content\/uploads\/2021\/10\/durer-fechtbuch.jpeg","datePublished":"2021-10-28T16:37:28+00:00","dateModified":"2022-07-23T10:28:25+00:00","description":"Look here for books about HEMA, re-enactment, Living History, and all the stuff for HEMA, re-enactment, Living History.","breadcrumb":{"@id":"https:\/\/woo.zwaardenvolk.nl\/en\/webshop\/boeken-en-default-category-en-default-category-en\/hema-en\/albrecht-durer-das-fechtbuch\/#breadcrumb"},"inLanguage":"en-US","potentialAction":[{"@type":"ReadAction","target":["https:\/\/woo.zwaardenvolk.nl\/en\/webshop\/boeken-en-default-category-en-default-category-en\/hema-en\/albrecht-durer-das-fechtbuch\/"]}]},{"@type":"ImageObject","inLanguage":"en-US","@id":"https:\/\/woo.zwaardenvolk.nl\/en\/webshop\/boeken-en-default-category-en-default-category-en\/hema-en\/albrecht-durer-das-fechtbuch\/#primaryimage","url":"https:\/\/woo.zwaardenvolk.nl\/wp-content\/uploads\/2021\/10\/durer-fechtbuch.jpeg","contentUrl":"https:\/\/woo.zwaardenvolk.nl\/wp-content\/uploads\/2021\/10\/durer-fechtbuch.jpeg","width":480,"height":726},{"@type":"BreadcrumbList","@id":"https:\/\/woo.zwaardenvolk.nl\/en\/webshop\/boeken-en-default-category-en-default-category-en\/hema-en\/albrecht-durer-das-fechtbuch\/#breadcrumb","itemListElement":[{"@type":"ListItem","position":1,"name":"Home","item":"https:\/\/woo.zwaardenvolk.nl\/en\/"},{"@type":"ListItem","position":2,"name":"Webshop","item":"https:\/\/woo.zwaardenvolk.nl\/en\/webshop\/"},{"@type":"ListItem","position":3,"name":"Albrecht D\u00fcrer &#8211; Das Fechtbuch"}]},{"@type":"WebSite","@id":"https:\/\/woo.zwaardenvolk.nl\/en\/#website","url":"https:\/\/woo.zwaardenvolk.nl\/en\/","name":"Zwaard en Volk \/ HEMAworld","description":"Middeleeuwen en HEMA","publisher":{"@id":"https:\/\/woo.zwaardenvolk.nl\/en\/#organization"},"potentialAction":[{"@type":"SearchAction","target":{"@type":"EntryPoint","urlTemplate":"https:\/\/woo.zwaardenvolk.nl\/en\/?s={search_term_string}"},"query-input":{"@type":"PropertyValueSpecification","valueRequired":true,"valueName":"search_term_string"}}],"inLanguage":"en-US"},{"@type":"Organization","@id":"https:\/\/woo.zwaardenvolk.nl\/en\/#organization","name":"Zwaard en Volk \/ HEMAworld","url":"https:\/\/woo.zwaardenvolk.nl\/en\/","logo":{"@type":"ImageObject","inLanguage":"en-US","@id":"https:\/\/woo.zwaardenvolk.nl\/en\/#\/schema\/logo\/image\/","url":"https:\/\/woo.zwaardenvolk.nl\/wp-content\/uploads\/2020\/07\/Zwaard-en-Volk-HEMAworld-logo-vierkant-2000x2000-1.jpg","contentUrl":"https:\/\/woo.zwaardenvolk.nl\/wp-content\/uploads\/2020\/07\/Zwaard-en-Volk-HEMAworld-logo-vierkant-2000x2000-1.jpg","width":2000,"height":2000,"caption":"Zwaard en Volk \/ HEMAworld"},"image":{"@id":"https:\/\/woo.zwaardenvolk.nl\/en\/#\/schema\/logo\/image\/"},"sameAs":["https:\/\/www.facebook.com\/zwaardenvolk\/"]}]}},"_links":{"self":[{"href":"https:\/\/woo.zwaardenvolk.nl\/en\/wp-json\/wp\/v2\/product\/38851","targetHints":{"allow":["GET"]}}],"collection":[{"href":"https:\/\/woo.zwaardenvolk.nl\/en\/wp-json\/wp\/v2\/product"}],"about":[{"href":"https:\/\/woo.zwaardenvolk.nl\/en\/wp-json\/wp\/v2\/types\/product"}],"replies":[{"embeddable":true,"href":"https:\/\/woo.zwaardenvolk.nl\/en\/wp-json\/wp\/v2\/comments?post=38851"}],"wp:featuredmedia":[{"embeddable":true,"href":"https:\/\/woo.zwaardenvolk.nl\/en\/wp-json\/wp\/v2\/media\/38848"}],"wp:attachment":[{"href":"https:\/\/woo.zwaardenvolk.nl\/en\/wp-json\/wp\/v2\/media?parent=38851"}],"wp:term":[{"taxonomy":"product_brand","embeddable":true,"href":"https:\/\/woo.zwaardenvolk.nl\/en\/wp-json\/wp\/v2\/product_brand?post=38851"},{"taxonomy":"product_cat","embeddable":true,"href":"https:\/\/woo.zwaardenvolk.nl\/en\/wp-json\/wp\/v2\/product_cat?post=38851"},{"taxonomy":"product_tag","embeddable":true,"href":"https:\/\/woo.zwaardenvolk.nl\/en\/wp-json\/wp\/v2\/product_tag?post=38851"}],"curies":[{"name":"wp","href":"https:\/\/api.w.org\/{rel}","templated":true}]}}