{"id":34686,"date":"2020-10-16T18:24:29","date_gmt":"2020-10-16T16:24:29","guid":{"rendered":"https:\/\/woo.zwaardenvolk.nl\/webshop\/uncategorized\/gladiatoria\/"},"modified":"2024-09-05T11:02:52","modified_gmt":"2024-09-05T09:02:52","slug":"gladiatoria","status":"publish","type":"product","link":"https:\/\/woo.zwaardenvolk.nl\/en\/webshop\/boeken-en-default-category-en-default-category-en\/hema-en\/gladiatoria\/","title":{"rendered":"Gladiatoria"},"content":{"rendered":"<p>Verloren im Zweiten Weltkrieg, teilweise wieder aufgefunden, in Einzelteilen versteigert, in alle Winde verstreut, in Amerika wieder aufgetaucht, genauer in New Haven als Teil der Paul Mellon Collection des Yale Center for British Art wiederentdeckt: Das Gladiatoria-Fechtbuch hat eine wechselvolle Geschichte erlebt.<\/p>\n<p>Dieser Band bietet den farbigen Nachdruck des fr\u00fchesten Vertreters der sogenannten Gladiatoria-Gruppe, eines auserlesenen Exemplars von h\u00f6chstem k\u00fcnstlerischen und historischen Wert.<\/p>\n<p>Unsere Autoren Dierk Hagedorn und Bartlomiej Walczak haben die Tafeln in die urspr\u00fcngliche Reihenfolge gebracht und ihre Texte sorgf\u00e4ltig transkribiert und anschlie\u00dfend sowohl in modernes deutsch als auch englisch \u00fcbersetzt.<\/p>\n<p>Erg\u00e4nzt werden die Tafeln durch fachkundig verfasste Aufs\u00e4tze zur Geschichte der GLADIATORIA-Gruppe im Besonderen, Fechthandb\u00fcchern im Allgemeinen sowie den Waffen und R\u00fcstungen, die auf den Abbildungen Verwendung finden.<\/p>\n<p>Nat\u00fcrlich sind auch diese Kapitel deutsch \/ englisch gehalten, so dass die Handschrift einem internationalen Publikum zug\u00e4nglich wird.<\/p>\n<p>Wer sich f\u00fcr mittelalterliche Kampfk\u00fcnste, Waffen und R\u00fcstungen begeistert, wird in diesem Buch eine unverzichtbare Fundgrube sehen.<\/p>\n<p>Format Format 16,3 x 23 cm, gebunden, 392 Seiten, 107 Farbabbildungen, deutsch\/englische Ausgabe<\/p>\n<p>C o n t e n t s<\/p>\n<p>&#8211; Acknowledgements \u00b7 12<br \/>\nHans-Peter Hils<br \/>\n&#8211; Preface \u00b7 21<br \/>\nSydney Anglo<br \/>\n&#8211; Foreword \u00b7 31<br \/>\nBart\u0142omiej Walczak<br \/>\n&#8211; Fechtb\u00fccher<br \/>\nAn Introduction to the Fight Books from the 14th to the 16th Century \u00b743<br \/>\nBart\u0142omiej Walczak<br \/>\n&#8211; The Gladiatoria Group<br \/>\nAn Overview \u00b759<br \/>\nDierk Hagedorn<br \/>\n&#8211; Offense and Defense<br \/>\nArms and Armor from the Gladiatoria Manuscript from New Haven \u00b7 93<br \/>\nDaniel Jaquet<br \/>\n&#8211; \u201cTo Arm Oneself With Good Body Armor and Suitable Weapons\u201d<br \/>\nExperimenting Armored Fighting \u00b7 125<br \/>\nDierk Hagedorn<br \/>\n&#8211; A Long Time Ago in a Library Far, Far Away \u2026<br \/>\nThe Adventures of the Gladiatoria Manuscript from New Haven \u00b7 153<br \/>\n&#8211; Tables \u00b7173<br \/>\n&#8211; Plates \u00b7185<br \/>\n&#8211; The Manuscript \u00b7 197<br \/>\n&#8211; Glossary \u00b7 376<br \/>\n&#8211; Bibliography \u00b7 379<\/p>\n","protected":false},"excerpt":{"rendered":"<p>English and German language, a great book about an early 15th century work about armed combat, wirh spear, sweord and dagger.<\/p>\n","protected":false},"featured_media":34684,"comment_status":"closed","ping_status":"closed","template":"","meta":[],"product_brand":[],"product_cat":[331],"product_tag":[6448,3735,3056,3742,2811,2830,2971],"class_list":{"0":"post-34686","1":"product","2":"type-product","3":"status-publish","4":"has-post-thumbnail","6":"product_cat-hema-en","7":"product_tag-boek-en","8":"product_tag-book","9":"product_tag-dagger-en","10":"product_tag-harnasvechten-en","11":"product_tag-hema-en","12":"product_tag-speer-en","13":"product_tag-sword-en-4","15":"first","16":"outofstock","17":"taxable","18":"shipping-taxable","19":"purchasable","20":"product-type-simple"},"yoast_head":"<!-- This site is optimized with the Yoast SEO plugin v27.4 - https:\/\/yoast.com\/product\/yoast-seo-wordpress\/ -->\n<title>Gladiatoria - Zwaard en Volk \/ HEMAworld<\/title>\n<meta name=\"description\" content=\"Kijk hier voor boeken over HEMA en Reenactment \/ Levende geschiedenis.\" \/>\n<meta name=\"robots\" content=\"index, follow, max-snippet:-1, max-image-preview:large, max-video-preview:-1\" \/>\n<link rel=\"canonical\" href=\"https:\/\/woo.zwaardenvolk.nl\/en\/webshop\/boeken-en-default-category-en-default-category-en\/hema-en\/gladiatoria\/\" \/>\n<meta property=\"og:locale\" content=\"en_US\" \/>\n<meta property=\"og:type\" content=\"article\" \/>\n<meta property=\"og:title\" content=\"Gladiatoria - Zwaard en Volk \/ HEMAworld\" \/>\n<meta property=\"og:description\" content=\"Kijk hier voor boeken over HEMA en Reenactment \/ Levende geschiedenis.\" \/>\n<meta property=\"og:url\" content=\"https:\/\/woo.zwaardenvolk.nl\/en\/webshop\/boeken-en-default-category-en-default-category-en\/hema-en\/gladiatoria\/\" \/>\n<meta property=\"og:site_name\" content=\"Zwaard en Volk \/ HEMAworld\" \/>\n<meta property=\"article:publisher\" content=\"https:\/\/www.facebook.com\/zwaardenvolk\/\" \/>\n<meta property=\"article:modified_time\" content=\"2024-09-05T09:02:52+00:00\" \/>\n<meta property=\"og:image\" content=\"https:\/\/woo.zwaardenvolk.nl\/wp-content\/uploads\/2020\/10\/28256041._SX318_.jpg\" \/>\n\t<meta property=\"og:image:width\" content=\"318\" \/>\n\t<meta property=\"og:image:height\" content=\"470\" \/>\n\t<meta property=\"og:image:type\" content=\"image\/jpeg\" \/>\n<meta name=\"twitter:card\" content=\"summary_large_image\" \/>\n<meta name=\"twitter:label1\" content=\"Est. reading time\" \/>\n\t<meta name=\"twitter:data1\" content=\"1 minute\" \/>\n<script type=\"application\/ld+json\" class=\"yoast-schema-graph\">{\"@context\":\"https:\\\/\\\/schema.org\",\"@graph\":[{\"@type\":\"WebPage\",\"@id\":\"https:\\\/\\\/woo.zwaardenvolk.nl\\\/en\\\/webshop\\\/boeken-en-default-category-en-default-category-en\\\/hema-en\\\/gladiatoria\\\/\",\"url\":\"https:\\\/\\\/woo.zwaardenvolk.nl\\\/en\\\/webshop\\\/boeken-en-default-category-en-default-category-en\\\/hema-en\\\/gladiatoria\\\/\",\"name\":\"Gladiatoria - Zwaard en Volk \\\/ HEMAworld\",\"isPartOf\":{\"@id\":\"https:\\\/\\\/woo.zwaardenvolk.nl\\\/en\\\/#website\"},\"primaryImageOfPage\":{\"@id\":\"https:\\\/\\\/woo.zwaardenvolk.nl\\\/en\\\/webshop\\\/boeken-en-default-category-en-default-category-en\\\/hema-en\\\/gladiatoria\\\/#primaryimage\"},\"image\":{\"@id\":\"https:\\\/\\\/woo.zwaardenvolk.nl\\\/en\\\/webshop\\\/boeken-en-default-category-en-default-category-en\\\/hema-en\\\/gladiatoria\\\/#primaryimage\"},\"thumbnailUrl\":\"https:\\\/\\\/woo.zwaardenvolk.nl\\\/wp-content\\\/uploads\\\/2020\\\/10\\\/28256041._SX318_.jpg\",\"datePublished\":\"2020-10-16T16:24:29+00:00\",\"dateModified\":\"2024-09-05T09:02:52+00:00\",\"description\":\"Kijk hier voor boeken over HEMA en Reenactment \\\/ Levende geschiedenis.\",\"breadcrumb\":{\"@id\":\"https:\\\/\\\/woo.zwaardenvolk.nl\\\/en\\\/webshop\\\/boeken-en-default-category-en-default-category-en\\\/hema-en\\\/gladiatoria\\\/#breadcrumb\"},\"inLanguage\":\"en-US\",\"potentialAction\":[{\"@type\":\"ReadAction\",\"target\":[\"https:\\\/\\\/woo.zwaardenvolk.nl\\\/en\\\/webshop\\\/boeken-en-default-category-en-default-category-en\\\/hema-en\\\/gladiatoria\\\/\"]}]},{\"@type\":\"ImageObject\",\"inLanguage\":\"en-US\",\"@id\":\"https:\\\/\\\/woo.zwaardenvolk.nl\\\/en\\\/webshop\\\/boeken-en-default-category-en-default-category-en\\\/hema-en\\\/gladiatoria\\\/#primaryimage\",\"url\":\"https:\\\/\\\/woo.zwaardenvolk.nl\\\/wp-content\\\/uploads\\\/2020\\\/10\\\/28256041._SX318_.jpg\",\"contentUrl\":\"https:\\\/\\\/woo.zwaardenvolk.nl\\\/wp-content\\\/uploads\\\/2020\\\/10\\\/28256041._SX318_.jpg\",\"width\":318,\"height\":470},{\"@type\":\"BreadcrumbList\",\"@id\":\"https:\\\/\\\/woo.zwaardenvolk.nl\\\/en\\\/webshop\\\/boeken-en-default-category-en-default-category-en\\\/hema-en\\\/gladiatoria\\\/#breadcrumb\",\"itemListElement\":[{\"@type\":\"ListItem\",\"position\":1,\"name\":\"Home\",\"item\":\"https:\\\/\\\/woo.zwaardenvolk.nl\\\/en\\\/\"},{\"@type\":\"ListItem\",\"position\":2,\"name\":\"Webshop\",\"item\":\"https:\\\/\\\/woo.zwaardenvolk.nl\\\/en\\\/webshop\\\/\"},{\"@type\":\"ListItem\",\"position\":3,\"name\":\"Gladiatoria\"}]},{\"@type\":\"WebSite\",\"@id\":\"https:\\\/\\\/woo.zwaardenvolk.nl\\\/en\\\/#website\",\"url\":\"https:\\\/\\\/woo.zwaardenvolk.nl\\\/en\\\/\",\"name\":\"Zwaard en Volk \\\/ HEMAworld\",\"description\":\"Middeleeuwen en HEMA\",\"publisher\":{\"@id\":\"https:\\\/\\\/woo.zwaardenvolk.nl\\\/en\\\/#organization\"},\"potentialAction\":[{\"@type\":\"SearchAction\",\"target\":{\"@type\":\"EntryPoint\",\"urlTemplate\":\"https:\\\/\\\/woo.zwaardenvolk.nl\\\/en\\\/?s={search_term_string}\"},\"query-input\":{\"@type\":\"PropertyValueSpecification\",\"valueRequired\":true,\"valueName\":\"search_term_string\"}}],\"inLanguage\":\"en-US\"},{\"@type\":\"Organization\",\"@id\":\"https:\\\/\\\/woo.zwaardenvolk.nl\\\/en\\\/#organization\",\"name\":\"Zwaard en Volk \\\/ HEMAworld\",\"url\":\"https:\\\/\\\/woo.zwaardenvolk.nl\\\/en\\\/\",\"logo\":{\"@type\":\"ImageObject\",\"inLanguage\":\"en-US\",\"@id\":\"https:\\\/\\\/woo.zwaardenvolk.nl\\\/en\\\/#\\\/schema\\\/logo\\\/image\\\/\",\"url\":\"https:\\\/\\\/woo.zwaardenvolk.nl\\\/wp-content\\\/uploads\\\/2020\\\/07\\\/Zwaard-en-Volk-HEMAworld-logo-vierkant-2000x2000-1.jpg\",\"contentUrl\":\"https:\\\/\\\/woo.zwaardenvolk.nl\\\/wp-content\\\/uploads\\\/2020\\\/07\\\/Zwaard-en-Volk-HEMAworld-logo-vierkant-2000x2000-1.jpg\",\"width\":2000,\"height\":2000,\"caption\":\"Zwaard en Volk \\\/ HEMAworld\"},\"image\":{\"@id\":\"https:\\\/\\\/woo.zwaardenvolk.nl\\\/en\\\/#\\\/schema\\\/logo\\\/image\\\/\"},\"sameAs\":[\"https:\\\/\\\/www.facebook.com\\\/zwaardenvolk\\\/\"]}]}<\/script>\n<!-- \/ Yoast SEO plugin. -->","yoast_head_json":{"title":"Gladiatoria - Zwaard en Volk \/ HEMAworld","description":"Kijk hier voor boeken over HEMA en Reenactment \/ Levende geschiedenis.","robots":{"index":"index","follow":"follow","max-snippet":"max-snippet:-1","max-image-preview":"max-image-preview:large","max-video-preview":"max-video-preview:-1"},"canonical":"https:\/\/woo.zwaardenvolk.nl\/en\/webshop\/boeken-en-default-category-en-default-category-en\/hema-en\/gladiatoria\/","og_locale":"en_US","og_type":"article","og_title":"Gladiatoria - Zwaard en Volk \/ HEMAworld","og_description":"Kijk hier voor boeken over HEMA en Reenactment \/ Levende geschiedenis.","og_url":"https:\/\/woo.zwaardenvolk.nl\/en\/webshop\/boeken-en-default-category-en-default-category-en\/hema-en\/gladiatoria\/","og_site_name":"Zwaard en Volk \/ HEMAworld","article_publisher":"https:\/\/www.facebook.com\/zwaardenvolk\/","article_modified_time":"2024-09-05T09:02:52+00:00","og_image":[{"width":318,"height":470,"url":"https:\/\/woo.zwaardenvolk.nl\/wp-content\/uploads\/2020\/10\/28256041._SX318_.jpg","type":"image\/jpeg"}],"twitter_card":"summary_large_image","twitter_misc":{"Est. reading time":"1 minute"},"schema":{"@context":"https:\/\/schema.org","@graph":[{"@type":"WebPage","@id":"https:\/\/woo.zwaardenvolk.nl\/en\/webshop\/boeken-en-default-category-en-default-category-en\/hema-en\/gladiatoria\/","url":"https:\/\/woo.zwaardenvolk.nl\/en\/webshop\/boeken-en-default-category-en-default-category-en\/hema-en\/gladiatoria\/","name":"Gladiatoria - Zwaard en Volk \/ HEMAworld","isPartOf":{"@id":"https:\/\/woo.zwaardenvolk.nl\/en\/#website"},"primaryImageOfPage":{"@id":"https:\/\/woo.zwaardenvolk.nl\/en\/webshop\/boeken-en-default-category-en-default-category-en\/hema-en\/gladiatoria\/#primaryimage"},"image":{"@id":"https:\/\/woo.zwaardenvolk.nl\/en\/webshop\/boeken-en-default-category-en-default-category-en\/hema-en\/gladiatoria\/#primaryimage"},"thumbnailUrl":"https:\/\/woo.zwaardenvolk.nl\/wp-content\/uploads\/2020\/10\/28256041._SX318_.jpg","datePublished":"2020-10-16T16:24:29+00:00","dateModified":"2024-09-05T09:02:52+00:00","description":"Kijk hier voor boeken over HEMA en Reenactment \/ Levende geschiedenis.","breadcrumb":{"@id":"https:\/\/woo.zwaardenvolk.nl\/en\/webshop\/boeken-en-default-category-en-default-category-en\/hema-en\/gladiatoria\/#breadcrumb"},"inLanguage":"en-US","potentialAction":[{"@type":"ReadAction","target":["https:\/\/woo.zwaardenvolk.nl\/en\/webshop\/boeken-en-default-category-en-default-category-en\/hema-en\/gladiatoria\/"]}]},{"@type":"ImageObject","inLanguage":"en-US","@id":"https:\/\/woo.zwaardenvolk.nl\/en\/webshop\/boeken-en-default-category-en-default-category-en\/hema-en\/gladiatoria\/#primaryimage","url":"https:\/\/woo.zwaardenvolk.nl\/wp-content\/uploads\/2020\/10\/28256041._SX318_.jpg","contentUrl":"https:\/\/woo.zwaardenvolk.nl\/wp-content\/uploads\/2020\/10\/28256041._SX318_.jpg","width":318,"height":470},{"@type":"BreadcrumbList","@id":"https:\/\/woo.zwaardenvolk.nl\/en\/webshop\/boeken-en-default-category-en-default-category-en\/hema-en\/gladiatoria\/#breadcrumb","itemListElement":[{"@type":"ListItem","position":1,"name":"Home","item":"https:\/\/woo.zwaardenvolk.nl\/en\/"},{"@type":"ListItem","position":2,"name":"Webshop","item":"https:\/\/woo.zwaardenvolk.nl\/en\/webshop\/"},{"@type":"ListItem","position":3,"name":"Gladiatoria"}]},{"@type":"WebSite","@id":"https:\/\/woo.zwaardenvolk.nl\/en\/#website","url":"https:\/\/woo.zwaardenvolk.nl\/en\/","name":"Zwaard en Volk \/ HEMAworld","description":"Middeleeuwen en HEMA","publisher":{"@id":"https:\/\/woo.zwaardenvolk.nl\/en\/#organization"},"potentialAction":[{"@type":"SearchAction","target":{"@type":"EntryPoint","urlTemplate":"https:\/\/woo.zwaardenvolk.nl\/en\/?s={search_term_string}"},"query-input":{"@type":"PropertyValueSpecification","valueRequired":true,"valueName":"search_term_string"}}],"inLanguage":"en-US"},{"@type":"Organization","@id":"https:\/\/woo.zwaardenvolk.nl\/en\/#organization","name":"Zwaard en Volk \/ HEMAworld","url":"https:\/\/woo.zwaardenvolk.nl\/en\/","logo":{"@type":"ImageObject","inLanguage":"en-US","@id":"https:\/\/woo.zwaardenvolk.nl\/en\/#\/schema\/logo\/image\/","url":"https:\/\/woo.zwaardenvolk.nl\/wp-content\/uploads\/2020\/07\/Zwaard-en-Volk-HEMAworld-logo-vierkant-2000x2000-1.jpg","contentUrl":"https:\/\/woo.zwaardenvolk.nl\/wp-content\/uploads\/2020\/07\/Zwaard-en-Volk-HEMAworld-logo-vierkant-2000x2000-1.jpg","width":2000,"height":2000,"caption":"Zwaard en Volk \/ HEMAworld"},"image":{"@id":"https:\/\/woo.zwaardenvolk.nl\/en\/#\/schema\/logo\/image\/"},"sameAs":["https:\/\/www.facebook.com\/zwaardenvolk\/"]}]}},"_links":{"self":[{"href":"https:\/\/woo.zwaardenvolk.nl\/en\/wp-json\/wp\/v2\/product\/34686","targetHints":{"allow":["GET"]}}],"collection":[{"href":"https:\/\/woo.zwaardenvolk.nl\/en\/wp-json\/wp\/v2\/product"}],"about":[{"href":"https:\/\/woo.zwaardenvolk.nl\/en\/wp-json\/wp\/v2\/types\/product"}],"replies":[{"embeddable":true,"href":"https:\/\/woo.zwaardenvolk.nl\/en\/wp-json\/wp\/v2\/comments?post=34686"}],"wp:featuredmedia":[{"embeddable":true,"href":"https:\/\/woo.zwaardenvolk.nl\/en\/wp-json\/wp\/v2\/media\/34684"}],"wp:attachment":[{"href":"https:\/\/woo.zwaardenvolk.nl\/en\/wp-json\/wp\/v2\/media?parent=34686"}],"wp:term":[{"taxonomy":"product_brand","embeddable":true,"href":"https:\/\/woo.zwaardenvolk.nl\/en\/wp-json\/wp\/v2\/product_brand?post=34686"},{"taxonomy":"product_cat","embeddable":true,"href":"https:\/\/woo.zwaardenvolk.nl\/en\/wp-json\/wp\/v2\/product_cat?post=34686"},{"taxonomy":"product_tag","embeddable":true,"href":"https:\/\/woo.zwaardenvolk.nl\/en\/wp-json\/wp\/v2\/product_tag?post=34686"}],"curies":[{"name":"wp","href":"https:\/\/api.w.org\/{rel}","templated":true}]}}